{"id":847,"date":"2025-10-08T13:26:13","date_gmt":"2025-10-08T13:26:13","guid":{"rendered":"https:\/\/curvyplasticsurgery.com\/?page_id=847"},"modified":"2026-02-24T13:09:33","modified_gmt":"2026-02-24T18:09:33","slug":"breast-augmentation","status":"publish","type":"page","link":"https:\/\/curvyplasticsurgery.com\/es\/breast-augmentation\/","title":{"rendered":"Aumento de Senos"},"content":{"rendered":"<div data-elementor-type=\"wp-page\" data-elementor-id=\"847\" class=\"elementor elementor-847\" data-elementor-post-type=\"page\">\n\t\t\t\t<div class=\"elementor-element elementor-element-72834b81 e-flex e-con-boxed e-con e-parent\" data-id=\"72834b81\" data-element_type=\"container\" data-e-type=\"container\" data-settings=\"{&quot;background_background&quot;:&quot;classic&quot;}\">\n\t\t\t\t\t<div class=\"e-con-inner\">\n\t\t<div class=\"elementor-element elementor-element-20051c49 e-con-full e-flex e-con e-child\" data-id=\"20051c49\" data-element_type=\"container\" data-e-type=\"container\">\n\t\t\t\t<div class=\"elementor-element elementor-element-f656387 elementor-widget elementor-widget-heading\" data-id=\"f656387\" data-element_type=\"widget\" data-e-type=\"widget\" data-widget_type=\"heading.default\">\n\t\t\t\t\t<h2 class=\"elementor-heading-title elementor-size-default\">CIRUG\u00cdA EST\u00c9TICA<\/h2>\t\t\t\t<\/div>\n\t\t\t\t<div class=\"elementor-element elementor-element-63531488 elementor-widget elementor-widget-heading\" data-id=\"63531488\" data-element_type=\"widget\" data-e-type=\"widget\" data-widget_type=\"heading.default\">\n\t\t\t\t\t<h2 class=\"elementor-heading-title elementor-size-default\">aumento de senos<\/h2>\t\t\t\t<\/div>\n\t\t\t\t<\/div>\n\t\t\t\t<div class=\"elementor-element elementor-element-4804941e elementor-widget elementor-widget-button\" data-id=\"4804941e\" data-element_type=\"widget\" data-e-type=\"widget\" data-widget_type=\"button.default\">\n\t\t\t\t\t\t\t\t\t\t<a class=\"elementor-button elementor-button-link elementor-size-sm elementor-animation-sink\" href=\"#elementor-action%3Aaction%3Dpopup%3Aopen%26settings%3DeyJpZCI6IjcyNSIsInRvZ2dsZSI6ZmFsc2V9\">\n\t\t\t\t\t\t<span class=\"elementor-button-content-wrapper\">\n\t\t\t\t\t\t\t\t\t<span class=\"elementor-button-text\">Agendar UNA CONSULTA<\/span>\n\t\t\t\t\t<\/span>\n\t\t\t\t\t<\/a>\n\t\t\t\t\t\t\t\t<\/div>\n\t\t\t\t<div class=\"elementor-element elementor-element-74c6e0d6 elementor-widget elementor-widget-text-editor\" data-id=\"74c6e0d6\" data-element_type=\"widget\" data-e-type=\"widget\" data-widget_type=\"text-editor.default\">\n\t\t\t\t\t\t\t\t\t<p>\u00bfEst\u00e1s considerando implantes mamarios? Entendemos que es una decisi\u00f3n importante. Nuestro objetivo es ayudarte a lograr curvas que luzcan hermosas y se sientan completamente naturales. En The Method, nuestros cirujanos pl\u00e1sticos certificados combinan arte y experiencia para brindar resultados excepcionales y naturales. Desde tu primera consulta hasta tu recuperaci\u00f3n, estamos aqu\u00ed para guiarte y apoyarte en cada paso del proceso, para que te sientas segura y te encante tu apariencia, ya sea en casa o en las playas de Miami.<\/p>\t\t\t\t\t\t\t\t<\/div>\n\t\t\t\t\t<\/div>\n\t\t\t\t<\/div>\n\t\t<div class=\"elementor-element elementor-element-623ffef4 e-flex e-con-boxed e-con e-parent\" data-id=\"623ffef4\" data-element_type=\"container\" data-e-type=\"container\" data-settings=\"{&quot;background_background&quot;:&quot;classic&quot;}\">\n\t\t\t\t\t<div class=\"e-con-inner\">\n\t\t<div class=\"elementor-element elementor-element-7639a852 e-con-full e-flex e-con e-child\" data-id=\"7639a852\" data-element_type=\"container\" data-e-type=\"container\">\n\t\t\t\t<div class=\"elementor-element elementor-element-4b5eb519 elementor-hidden-desktop elementor-hidden-tablet elementor-widget elementor-widget-heading\" data-id=\"4b5eb519\" data-element_type=\"widget\" data-e-type=\"widget\" data-widget_type=\"heading.default\">\n\t\t\t\t\t<h2 class=\"elementor-heading-title elementor-size-default\">\u00bfD\u00f3nde se realizan las incisiones para el aumento de senos?<\/h2>\t\t\t\t<\/div>\n\t\t\t\t<div class=\"elementor-element elementor-element-283e653 elementor-hidden-mobile elementor-widget elementor-widget-heading\" data-id=\"283e653\" data-element_type=\"widget\" data-e-type=\"widget\" data-widget_type=\"heading.default\">\n\t\t\t\t\t<h2 class=\"elementor-heading-title elementor-size-default\">\u00bfD\u00f3nde se realizan las incisiones para el aumento de senos?<\/h2>\t\t\t\t<\/div>\n\t\t\t\t<div class=\"elementor-element elementor-element-7a062b66 elementor-widget elementor-widget-text-editor\" data-id=\"7a062b66\" data-element_type=\"widget\" data-e-type=\"widget\" data-widget_type=\"text-editor.default\">\n\t\t\t\t\t\t\t\t\t<p>Al planificar su aumento de senos, una de las decisiones clave es d\u00f3nde se realizar\u00e1 la incisi\u00f3n. Existen varias t\u00e9cnicas disponibles, cada una con sus propios beneficios y consideraciones. Las opciones m\u00e1s comunes son la incisi\u00f3n debajo del seno (inframamaria) o alrededor de la areola (periareolar). Estos abordajes se eligen a menudo porque permiten al cirujano un excelente acceso, suelen cicatrizar bien y dejan cicatrices discretas y f\u00e1ciles de disimular.\u00a0<\/p><p>Tambi\u00e9n existen alternativas menos comunes, como la incisi\u00f3n en la axila (transaxilar) o incluso a trav\u00e9s del ombligo (transumbilical). Si bien estas opciones pueden resultar atractivas para algunas pacientes que prefieren evitar cicatrices visibles en la mama, no se utilizan tan ampliamente debido a su mayor complejidad t\u00e9cnica y a la posibilidad de limitar ciertas opciones de implantes.<\/p>\t\t\t\t\t\t\t\t<\/div>\n\t\t\t\t<\/div>\n\t\t<div class=\"elementor-element elementor-element-672a2ccc e-con-full e-flex e-con e-child\" data-id=\"672a2ccc\" data-element_type=\"container\" data-e-type=\"container\">\n\t\t\t\t<div class=\"elementor-element elementor-element-4cb6b648 elementor-widget elementor-widget-image\" data-id=\"4cb6b648\" data-element_type=\"widget\" data-e-type=\"widget\" data-widget_type=\"image.default\">\n\t\t\t\t\t\t\t\t\t\t\t\t\t\t\t<img fetchpriority=\"high\" decoding=\"async\" width=\"768\" height=\"1076\" src=\"https:\/\/curvyplasticsurgery.com\/wp-content\/uploads\/2025\/10\/ba_imagem_01-768x1076.jpg\" class=\"attachment-medium_large size-medium_large wp-image-1686\" alt=\"\" srcset=\"https:\/\/curvyplasticsurgery.com\/wp-content\/uploads\/2025\/10\/ba_imagem_01-768x1076.jpg 768w, https:\/\/curvyplasticsurgery.com\/wp-content\/uploads\/2025\/10\/ba_imagem_01-214x300.jpg 214w, https:\/\/curvyplasticsurgery.com\/wp-content\/uploads\/2025\/10\/ba_imagem_01-731x1024.jpg 731w, https:\/\/curvyplasticsurgery.com\/wp-content\/uploads\/2025\/10\/ba_imagem_01.jpg 1071w\" sizes=\"(max-width: 768px) 100vw, 768px\" \/>\t\t\t\t\t\t\t\t\t\t\t\t\t\t\t<\/div>\n\t\t\t\t<\/div>\n\t\t\t\t\t<\/div>\n\t\t\t\t<\/div>\n\t\t<div class=\"elementor-element elementor-element-3eff44a1 e-flex e-con-boxed e-con e-parent\" data-id=\"3eff44a1\" data-element_type=\"container\" data-e-type=\"container\" data-settings=\"{&quot;background_background&quot;:&quot;classic&quot;}\">\n\t\t\t\t\t<div class=\"e-con-inner\">\n\t\t<div class=\"elementor-element elementor-element-39d6a8d e-con-full e-flex e-con e-child\" data-id=\"39d6a8d\" data-element_type=\"container\" data-e-type=\"container\">\n\t\t\t\t<div class=\"elementor-element elementor-element-75d5a504 elementor-widget elementor-widget-image\" data-id=\"75d5a504\" data-element_type=\"widget\" data-e-type=\"widget\" data-widget_type=\"image.default\">\n\t\t\t\t\t\t\t\t\t\t\t\t\t\t\t<img decoding=\"async\" width=\"768\" height=\"1076\" src=\"https:\/\/curvyplasticsurgery.com\/wp-content\/uploads\/2025\/10\/ba_imagem_02-768x1076.jpg\" class=\"attachment-medium_large size-medium_large wp-image-1687\" alt=\"\" srcset=\"https:\/\/curvyplasticsurgery.com\/wp-content\/uploads\/2025\/10\/ba_imagem_02-768x1076.jpg 768w, https:\/\/curvyplasticsurgery.com\/wp-content\/uploads\/2025\/10\/ba_imagem_02-214x300.jpg 214w, https:\/\/curvyplasticsurgery.com\/wp-content\/uploads\/2025\/10\/ba_imagem_02-731x1024.jpg 731w, https:\/\/curvyplasticsurgery.com\/wp-content\/uploads\/2025\/10\/ba_imagem_02.jpg 1071w\" sizes=\"(max-width: 768px) 100vw, 768px\" \/>\t\t\t\t\t\t\t\t\t\t\t\t\t\t\t<\/div>\n\t\t\t\t<\/div>\n\t\t<div class=\"elementor-element elementor-element-6cb30b2a e-con-full e-flex e-con e-child\" data-id=\"6cb30b2a\" data-element_type=\"container\" data-e-type=\"container\">\n\t\t\t\t<div class=\"elementor-element elementor-element-16858a0d elementor-hidden-desktop elementor-hidden-tablet elementor-widget elementor-widget-heading\" data-id=\"16858a0d\" data-element_type=\"widget\" data-e-type=\"widget\" data-widget_type=\"heading.default\">\n\t\t\t\t\t<h2 class=\"elementor-heading-title elementor-size-default\">\u00bfEs el aumento de senos adecuado para m\u00ed?<\/h2>\t\t\t\t<\/div>\n\t\t\t\t<div class=\"elementor-element elementor-element-d7be19d elementor-hidden-mobile elementor-widget elementor-widget-heading\" data-id=\"d7be19d\" data-element_type=\"widget\" data-e-type=\"widget\" data-widget_type=\"heading.default\">\n\t\t\t\t\t<h2 class=\"elementor-heading-title elementor-size-default\">\u00bfEs el aumento de senos adecuado para m\u00ed?<\/h2>\t\t\t\t<\/div>\n\t\t\t\t<div class=\"elementor-element elementor-element-6bd604f9 elementor-widget elementor-widget-text-editor\" data-id=\"6bd604f9\" data-element_type=\"widget\" data-e-type=\"widget\" data-widget_type=\"text-editor.default\">\n\t\t\t\t\t\t\t\t\t<p>El aumento de senos es uno de los procedimientos cosm\u00e9ticos m\u00e1s populares porque puede mejorar tanto su apariencia como su confianza. Con implantes, puede lograr senos m\u00e1s voluminosos y firmes que se adapten mejor a su cuerpo y a su visi\u00f3n personal de la belleza. Muchas mujeres optan por el aumento si sienten que sus senos son naturalmente demasiado peque\u00f1os, de tama\u00f1o desigual, o si el embarazo, la lactancia o la p\u00e9rdida de peso han provocado cambios en su forma y volumen.<\/p><p>Los mejores candidatos suelen ser personas sanas, no fumadoras, sin enfermedades subyacentes graves y con expectativas realistas sobre el resultado. Durante la consulta, su cirujano le ayudar\u00e1 a explorar las opciones de implantes, tama\u00f1os y t\u00e9cnicas quir\u00fargicas para lograr resultados naturales y adaptados a su estilo de vida.<\/p>\t\t\t\t\t\t\t\t<\/div>\n\t\t\t\t<\/div>\n\t\t\t\t\t<\/div>\n\t\t\t\t<\/div>\n\t\t<div class=\"elementor-element elementor-element-7df98e03 e-flex e-con-boxed e-con e-parent\" data-id=\"7df98e03\" data-element_type=\"container\" data-e-type=\"container\" data-settings=\"{&quot;background_background&quot;:&quot;classic&quot;}\">\n\t\t\t\t\t<div class=\"e-con-inner\">\n\t\t<div class=\"elementor-element elementor-element-7153044a e-con-full e-flex e-con e-child\" data-id=\"7153044a\" data-element_type=\"container\" data-e-type=\"container\">\n\t\t\t\t<div class=\"elementor-element elementor-element-4f064b32 elementor-hidden-desktop elementor-hidden-tablet elementor-widget elementor-widget-heading\" data-id=\"4f064b32\" data-element_type=\"widget\" data-e-type=\"widget\" data-widget_type=\"heading.default\">\n\t\t\t\t\t<h2 class=\"elementor-heading-title elementor-size-default\">Consulta de aumento de senos: \u00bfQu\u00e9 esperar?<\/h2>\t\t\t\t<\/div>\n\t\t\t\t<div class=\"elementor-element elementor-element-ee65602 elementor-hidden-mobile elementor-widget elementor-widget-heading\" data-id=\"ee65602\" data-element_type=\"widget\" data-e-type=\"widget\" data-widget_type=\"heading.default\">\n\t\t\t\t\t<h2 class=\"elementor-heading-title elementor-size-default\">Consulta de aumento de senos: \u00bfQu\u00e9 esperar?<\/h2>\t\t\t\t<\/div>\n\t\t\t\t<div class=\"elementor-element elementor-element-15bad001 elementor-widget elementor-widget-text-editor\" data-id=\"15bad001\" data-element_type=\"widget\" data-e-type=\"widget\" data-widget_type=\"text-editor.default\">\n\t\t\t\t\t\t\t\t\t<p>Tu experiencia comienza con una consulta personal con uno de nuestros cirujanos pl\u00e1sticos certificados. Durante esta visita individual, tendr\u00e1s la oportunidad de compartir abiertamente tus objetivos, inquietudes y expectativas. Entendemos que puede resultar un poco inc\u00f3modo hablar de tus senos, pero no te preocupes: lo hemos visto y o\u00eddo todo, y nuestra prioridad es que te sientas completamente c\u00f3moda. Nuestra misi\u00f3n es simple: ayudarte a verte y sentirte de maravilla.<\/p><p>Como parte del proceso, revisaremos fotos de antes y despu\u00e9s de otros pacientes para que pueda ver los resultados posibles. Despu\u00e9s, viene uno de los pasos m\u00e1s emocionantes: probar diferentes tama\u00f1os de implantes. Esto le dar\u00e1 una idea realista de c\u00f3mo podr\u00eda verse despu\u00e9s de la cirug\u00eda, lo que le facilitar\u00e1 encontrar el tama\u00f1o y la forma que mejor se adapten a su visi\u00f3n.\u00a0<\/p><p>Tambi\u00e9n nos tomaremos el tiempo para hablar sobre tu estilo de vida: si eres activo, prefieres una apariencia m\u00e1s natural o buscas un cambio radical y visible. Esto garantiza que los resultados no solo mejoren tu figura, sino que tambi\u00e9n se integren a la perfecci\u00f3n en tu d\u00eda a d\u00eda.<\/p>\t\t\t\t\t\t\t\t<\/div>\n\t\t\t\t<\/div>\n\t\t<div class=\"elementor-element elementor-element-466c52c5 e-con-full e-flex e-con e-child\" data-id=\"466c52c5\" data-element_type=\"container\" data-e-type=\"container\">\n\t\t\t\t<div class=\"elementor-element elementor-element-4f9546e6 elementor-widget elementor-widget-image\" data-id=\"4f9546e6\" data-element_type=\"widget\" data-e-type=\"widget\" data-widget_type=\"image.default\">\n\t\t\t\t\t\t\t\t\t\t\t\t\t\t\t<img decoding=\"async\" width=\"768\" height=\"1076\" src=\"https:\/\/curvyplasticsurgery.com\/wp-content\/uploads\/2025\/10\/ba_imagem_03-768x1076.jpg\" class=\"attachment-medium_large size-medium_large wp-image-1688\" alt=\"\" srcset=\"https:\/\/curvyplasticsurgery.com\/wp-content\/uploads\/2025\/10\/ba_imagem_03-768x1076.jpg 768w, https:\/\/curvyplasticsurgery.com\/wp-content\/uploads\/2025\/10\/ba_imagem_03-214x300.jpg 214w, https:\/\/curvyplasticsurgery.com\/wp-content\/uploads\/2025\/10\/ba_imagem_03-731x1024.jpg 731w, https:\/\/curvyplasticsurgery.com\/wp-content\/uploads\/2025\/10\/ba_imagem_03.jpg 1071w\" sizes=\"(max-width: 768px) 100vw, 768px\" \/>\t\t\t\t\t\t\t\t\t\t\t\t\t\t\t<\/div>\n\t\t\t\t<\/div>\n\t\t\t\t\t<\/div>\n\t\t\t\t<\/div>\n\t\t<section class=\"elementor-element elementor-element-79f3cf5 e-flex e-con-boxed e-con e-parent\" data-id=\"79f3cf5\" data-element_type=\"container\" data-e-type=\"container\" data-settings=\"{&quot;background_background&quot;:&quot;classic&quot;}\">\n\t\t\t\t\t<div class=\"e-con-inner\">\n\t\t<div class=\"elementor-element elementor-element-59eaf18 e-con-full e-flex e-con e-child\" data-id=\"59eaf18\" data-element_type=\"container\" data-e-type=\"container\">\n\t\t\t\t<div class=\"elementor-element elementor-element-0211964 elementor-widget elementor-widget-image\" data-id=\"0211964\" data-element_type=\"widget\" data-e-type=\"widget\" data-widget_type=\"image.default\">\n\t\t\t\t\t\t\t\t\t\t\t\t\t\t\t<img loading=\"lazy\" decoding=\"async\" width=\"561\" height=\"1500\" src=\"https:\/\/curvyplasticsurgery.com\/wp-content\/uploads\/2025\/10\/phone.png\" class=\"attachment-medium_large size-medium_large wp-image-609\" alt=\"\" srcset=\"https:\/\/curvyplasticsurgery.com\/wp-content\/uploads\/2025\/10\/phone.png 561w, https:\/\/curvyplasticsurgery.com\/wp-content\/uploads\/2025\/10\/phone-112x300.png 112w, https:\/\/curvyplasticsurgery.com\/wp-content\/uploads\/2025\/10\/phone-383x1024.png 383w\" sizes=\"(max-width: 561px) 100vw, 561px\" \/>\t\t\t\t\t\t\t\t\t\t\t\t\t\t\t<\/div>\n\t\t\t\t<\/div>\n\t\t<div class=\"elementor-element elementor-element-f2db555 e-con-full e-flex e-con e-child\" data-id=\"f2db555\" data-element_type=\"container\" data-e-type=\"container\">\n\t\t\t\t<div class=\"elementor-element elementor-element-035de5e elementor-widget elementor-widget-heading\" data-id=\"035de5e\" data-element_type=\"widget\" data-e-type=\"widget\" data-widget_type=\"heading.default\">\n\t\t\t\t\t<h2 class=\"elementor-heading-title elementor-size-default\">MANT\u00c9NGASE CONECTADO<\/h2>\t\t\t\t<\/div>\n\t\t\t\t<div class=\"elementor-element elementor-element-ad76e8b elementor-widget elementor-widget-heading\" data-id=\"ad76e8b\" data-element_type=\"widget\" data-e-type=\"widget\" data-widget_type=\"heading.default\">\n\t\t\t\t\t<h2 class=\"elementor-heading-title elementor-size-default\">EN LAS REDES SOCIALES<\/h2>\t\t\t\t<\/div>\n\t\t\t\t<div class=\"elementor-element elementor-element-21b0211 elementor-widget elementor-widget-text-editor\" data-id=\"21b0211\" data-element_type=\"widget\" data-e-type=\"widget\" data-widget_type=\"text-editor.default\">\n\t\t\t\t\t\t\t\t\t<p>Mant\u00e9ngase conectado con Curvy Plastic Surgery m\u00e1s all\u00e1 de la consulta. Al seguirnos en redes sociales, tendr\u00e1 acceso exclusivo a transformaciones del antes y el despu\u00e9s, contenido tras bambalinas, consejos de recuperaci\u00f3n, historias de pacientes y las \u00faltimas novedades sobre nuestros servicios. Es la manera perfecta de mantenerse inspirado, informado y conectado con una comunidad que celebra la belleza y la confianza a diario.<\/p>\t\t\t\t\t\t\t\t<\/div>\n\t\t\t\t<div class=\"elementor-element elementor-element-7991df5 elementor-shape-circle e-grid-align-left e-grid-align-mobile-center e-grid-align-tablet-center elementor-grid-0 elementor-widget elementor-widget-social-icons\" data-id=\"7991df5\" data-element_type=\"widget\" data-e-type=\"widget\" data-widget_type=\"social-icons.default\">\n\t\t\t\t\t\t\t<div class=\"elementor-social-icons-wrapper elementor-grid\" role=\"list\">\n\t\t\t\t\t\t\t<span class=\"elementor-grid-item\" role=\"listitem\">\n\t\t\t\t\t<a class=\"elementor-icon elementor-social-icon elementor-social-icon-instagram elementor-repeater-item-c014d31\" href=\"https:\/\/www.instagram.com\/curvyplasticsurgery?igsh=YXJobGRla2o3emli\" target=\"_blank\">\n\t\t\t\t\t\t<span class=\"elementor-screen-only\">Instagram<\/span>\n\t\t\t\t\t\t<svg aria-hidden=\"true\" class=\"e-font-icon-svg e-fab-instagram\" viewbox=\"0 0 448 512\" xmlns=\"http:\/\/www.w3.org\/2000\/svg\"><path d=\"M224.1 141c-63.6 0-114.9 51.3-114.9 114.9s51.3 114.9 114.9 114.9S339 319.5 339 255.9 287.7 141 224.1 141zm0 189.6c-41.1 0-74.7-33.5-74.7-74.7s33.5-74.7 74.7-74.7 74.7 33.5 74.7 74.7-33.6 74.7-74.7 74.7zm146.4-194.3c0 14.9-12 26.8-26.8 26.8-14.9 0-26.8-12-26.8-26.8s12-26.8 26.8-26.8 26.8 12 26.8 26.8zm76.1 27.2c-1.7-35.9-9.9-67.7-36.2-93.9-26.2-26.2-58-34.4-93.9-36.2-37-2.1-147.9-2.1-184.9 0-35.8 1.7-67.6 9.9-93.9 36.1s-34.4 58-36.2 93.9c-2.1 37-2.1 147.9 0 184.9 1.7 35.9 9.9 67.7 36.2 93.9s58 34.4 93.9 36.2c37 2.1 147.9 2.1 184.9 0 35.9-1.7 67.7-9.9 93.9-36.2 26.2-26.2 34.4-58 36.2-93.9 2.1-37 2.1-147.8 0-184.8zM398.8 388c-7.8 19.6-22.9 34.7-42.6 42.6-29.5 11.7-99.5 9-132.1 9s-102.7 2.6-132.1-9c-19.6-7.8-34.7-22.9-42.6-42.6-11.7-29.5-9-99.5-9-132.1s-2.6-102.7 9-132.1c7.8-19.6 22.9-34.7 42.6-42.6 29.5-11.7 99.5-9 132.1-9s102.7-2.6 132.1 9c19.6 7.8 34.7 22.9 42.6 42.6 11.7 29.5 9 99.5 9 132.1s2.7 102.7-9 132.1z\"><\/path><\/svg>\t\t\t\t\t<\/a>\n\t\t\t\t<\/span>\n\t\t\t\t\t\t\t<span class=\"elementor-grid-item\" role=\"listitem\">\n\t\t\t\t\t<a class=\"elementor-icon elementor-social-icon elementor-social-icon-facebook elementor-repeater-item-07a86be\" href=\"https:\/\/www.facebook.com\/Curvyplasticsurgery\" target=\"_blank\">\n\t\t\t\t\t\t<span class=\"elementor-screen-only\">Facebook<\/span>\n\t\t\t\t\t\t<svg aria-hidden=\"true\" class=\"e-font-icon-svg e-fab-facebook\" viewbox=\"0 0 512 512\" xmlns=\"http:\/\/www.w3.org\/2000\/svg\"><path d=\"M504 256C504 119 393 8 256 8S8 119 8 256c0 123.78 90.69 226.38 209.25 245V327.69h-63V256h63v-54.64c0-62.15 37-96.48 93.67-96.48 27.14 0 55.52 4.84 55.52 4.84v61h-31.28c-30.8 0-40.41 19.12-40.41 38.73V256h68.78l-11 71.69h-57.78V501C413.31 482.38 504 379.78 504 256z\"><\/path><\/svg>\t\t\t\t\t<\/a>\n\t\t\t\t<\/span>\n\t\t\t\t\t\t\t<span class=\"elementor-grid-item\" role=\"listitem\">\n\t\t\t\t\t<a class=\"elementor-icon elementor-social-icon elementor-social-icon-tiktok elementor-repeater-item-a00310c\" href=\"#\" target=\"_blank\">\n\t\t\t\t\t\t<span class=\"elementor-screen-only\">Tiktok<\/span>\n\t\t\t\t\t\t<svg aria-hidden=\"true\" class=\"e-font-icon-svg e-fab-tiktok\" viewbox=\"0 0 448 512\" xmlns=\"http:\/\/www.w3.org\/2000\/svg\"><path d=\"M448,209.91a210.06,210.06,0,0,1-122.77-39.25V349.38A162.55,162.55,0,1,1,185,188.31V278.2a74.62,74.62,0,1,0,52.23,71.18V0l88,0a121.18,121.18,0,0,0,1.86,22.17h0A122.18,122.18,0,0,0,381,102.39a121.43,121.43,0,0,0,67,20.14Z\"><\/path><\/svg>\t\t\t\t\t<\/a>\n\t\t\t\t<\/span>\n\t\t\t\t\t<\/div>\n\t\t\t\t\t\t<\/div>\n\t\t\t\t<\/div>\n\t\t\t\t\t<\/div>\n\t\t\t\t<\/section>\n\t\t\t\t<\/div>","protected":false},"excerpt":{"rendered":"<p>COSMETIC SURGERY breast augmentation BOOK A CONSULTATION Considering breast implants? We understand it\u2019s an important decision. Our goal is to help you achieve curves that look beautiful and feel completely natural. At The Method, our board-certified plastic surgeons combine artistry and expertise to deliver exceptional, natural-looking results. From your first consultation to your recovery, we\u2019re [&hellip;]<\/p>\n","protected":false},"author":1,"featured_media":0,"parent":0,"menu_order":0,"comment_status":"closed","ping_status":"closed","template":"","meta":{"footnotes":""},"class_list":["post-847","page","type-page","status-publish","hentry"],"aioseo_notices":[],"_links":{"self":[{"href":"https:\/\/curvyplasticsurgery.com\/es\/wp-json\/wp\/v2\/pages\/847","targetHints":{"allow":["GET"]}}],"collection":[{"href":"https:\/\/curvyplasticsurgery.com\/es\/wp-json\/wp\/v2\/pages"}],"about":[{"href":"https:\/\/curvyplasticsurgery.com\/es\/wp-json\/wp\/v2\/types\/page"}],"author":[{"embeddable":true,"href":"https:\/\/curvyplasticsurgery.com\/es\/wp-json\/wp\/v2\/users\/1"}],"replies":[{"embeddable":true,"href":"https:\/\/curvyplasticsurgery.com\/es\/wp-json\/wp\/v2\/comments?post=847"}],"version-history":[{"count":286,"href":"https:\/\/curvyplasticsurgery.com\/es\/wp-json\/wp\/v2\/pages\/847\/revisions"}],"predecessor-version":[{"id":4137,"href":"https:\/\/curvyplasticsurgery.com\/es\/wp-json\/wp\/v2\/pages\/847\/revisions\/4137"}],"wp:attachment":[{"href":"https:\/\/curvyplasticsurgery.com\/es\/wp-json\/wp\/v2\/media?parent=847"}],"curies":[{"name":"wp","href":"https:\/\/api.w.org\/{rel}","templated":true}]}}