{"id":8,"date":"2025-10-06T23:52:54","date_gmt":"2025-10-06T23:52:54","guid":{"rendered":"https:\/\/curvyplasticsurgery.com\/?page_id=8"},"modified":"2026-04-07T15:01:20","modified_gmt":"2026-04-07T19:01:20","slug":"home","status":"publish","type":"page","link":"https:\/\/curvyplasticsurgery.com\/es\/","title":{"rendered":"Home"},"content":{"rendered":"<div data-elementor-type=\"wp-post\" data-elementor-id=\"8\" class=\"elementor elementor-8\" data-elementor-post-type=\"page\">\n\t\t\t\t<div class=\"elementor-element elementor-element-24fdd5f e-flex e-con-boxed e-con e-child\" data-id=\"24fdd5f\" data-element_type=\"container\" data-e-type=\"container\" data-settings=\"{&quot;background_background&quot;:&quot;video&quot;,&quot;background_video_link&quot;:&quot;https:\\\/\\\/curvyplasticsurgery.com\\\/wp-content\\\/uploads\\\/2025\\\/10\\\/0_Woman_Portrait_3840x2160.mov&quot;,&quot;background_play_on_mobile&quot;:&quot;yes&quot;,&quot;background_privacy_mode&quot;:&quot;yes&quot;}\">\n\t\t\t\t\t<div class=\"e-con-inner\">\n\t\t<div class=\"elementor-background-video-container\">\n\t\t\t\t\t\t\t<video class=\"elementor-background-video-hosted\" role=\"presentation\" autoplay muted playsinline loop><\/video>\n\t\t\t\t\t<\/div><div class=\"elementor-element elementor-element-d4f28b1 e-con-full e-flex e-con e-child\" data-id=\"d4f28b1\" data-element_type=\"container\" data-e-type=\"container\">\n\t\t\t\t<div class=\"elementor-element elementor-element-50293f4 elementor-widget__width-initial elementor-hidden-mobile elementor-widget elementor-widget-image\" data-id=\"50293f4\" data-element_type=\"widget\" data-e-type=\"widget\" data-widget_type=\"image.default\">\n\t\t\t\t\t\t\t\t\t\t\t\t\t\t\t\t<a href=\"https:\/\/curvyplasticsurgery.com\/es\">\n\t\t\t\t\t\t\t<img fetchpriority=\"high\" decoding=\"async\" width=\"800\" height=\"382\" src=\"https:\/\/curvyplasticsurgery.com\/wp-content\/uploads\/2025\/10\/main-logo-cps-1024x489.png\" class=\"attachment-large size-large wp-image-16\" alt=\"Main logo icon\" srcset=\"https:\/\/curvyplasticsurgery.com\/wp-content\/uploads\/2025\/10\/main-logo-cps-1024x489.png 1024w, https:\/\/curvyplasticsurgery.com\/wp-content\/uploads\/2025\/10\/main-logo-cps-300x143.png 300w, https:\/\/curvyplasticsurgery.com\/wp-content\/uploads\/2025\/10\/main-logo-cps-768x367.png 768w, https:\/\/curvyplasticsurgery.com\/wp-content\/uploads\/2025\/10\/main-logo-cps-1536x734.png 1536w, https:\/\/curvyplasticsurgery.com\/wp-content\/uploads\/2025\/10\/main-logo-cps-2048x978.png 2048w\" sizes=\"(max-width: 800px) 100vw, 800px\" \/>\t\t\t\t\t\t\t\t<\/a>\n\t\t\t\t\t\t\t\t\t\t\t\t\t\t\t<\/div>\n\t\t\t\t<\/div>\n\t\t<div class=\"elementor-element elementor-element-aeed785 e-con-full e-flex e-con e-child\" data-id=\"aeed785\" data-element_type=\"container\" data-e-type=\"container\">\n\t\t\t\t<div class=\"elementor-element elementor-element-122e17d elementor-widget elementor-widget-heading\" data-id=\"122e17d\" data-element_type=\"widget\" data-e-type=\"widget\" data-widget_type=\"heading.default\">\n\t\t\t\t\t<h2 class=\"elementor-heading-title elementor-size-default\">Lujo e Innovaci\u00f3n <\/h2>\t\t\t\t<\/div>\n\t\t\t\t<div class=\"elementor-element elementor-element-dd3f28c elementor-widget elementor-widget-heading\" data-id=\"dd3f28c\" data-element_type=\"widget\" data-e-type=\"widget\" data-widget_type=\"heading.default\">\n\t\t\t\t\t<h1 class=\"elementor-heading-title elementor-size-default\">CIRUG\u00cdA cosm\u00e9tica<\/h1>\t\t\t\t<\/div>\n\t\t\t\t<\/div>\n\t\t\t\t<div class=\"elementor-element elementor-element-fedbe2f elementor-widget elementor-widget-button\" data-id=\"fedbe2f\" data-element_type=\"widget\" data-e-type=\"widget\" data-widget_type=\"button.default\">\n\t\t\t\t\t\t\t\t\t\t<a class=\"elementor-button elementor-button-link elementor-size-sm elementor-animation-sink\" href=\"#elementor-action%3Aaction%3Dpopup%3Aopen%26settings%3DeyJpZCI6IjcyNSIsInRvZ2dsZSI6ZmFsc2V9\">\n\t\t\t\t\t\t<span class=\"elementor-button-content-wrapper\">\n\t\t\t\t\t\t\t\t\t<span class=\"elementor-button-text\">Agendar UNA CONSULTA<\/span>\n\t\t\t\t\t<\/span>\n\t\t\t\t\t<\/a>\n\t\t\t\t\t\t\t\t<\/div>\n\t\t\t\t<div class=\"elementor-element elementor-element-84bbf2f elementor-widget elementor-widget-text-editor\" data-id=\"84bbf2f\" data-element_type=\"widget\" data-e-type=\"widget\" data-widget_type=\"text-editor.default\">\n\t\t\t\t\t\t\t\t\t<p>Nuestra cl\u00ednica se cre\u00f3 con un solo objetivo: combinar la experiencia quir\u00fargica de primer nivel con una experiencia c\u00e1lida y personalizada. Desde liposucci\u00f3n y levantamiento de gl\u00fateos brasile\u00f1o (BBL) hasta abdominoplastias, aumento de senos y liftings faciales, cada tratamiento se adapta a sus objetivos y se realiza con los m\u00e1s altos est\u00e1ndares de seguridad y maestr\u00eda.<\/p>\t\t\t\t\t\t\t\t<\/div>\n\t\t<div class=\"elementor-element elementor-element-237cd73 e-con-full e-grid e-con e-child\" data-id=\"237cd73\" data-element_type=\"container\" data-e-type=\"container\" data-settings=\"{&quot;background_background&quot;:&quot;classic&quot;}\">\n\t\t<div class=\"elementor-element elementor-element-380e857 e-con-full e-flex e-con e-child\" data-id=\"380e857\" data-element_type=\"container\" data-e-type=\"container\">\n\t\t\t\t<div class=\"elementor-element elementor-element-c836cfe elementor-widget elementor-widget-image\" data-id=\"c836cfe\" data-element_type=\"widget\" data-e-type=\"widget\" data-widget_type=\"image.default\">\n\t\t\t\t\t\t\t\t\t\t\t\t\t\t\t<img decoding=\"async\" width=\"768\" height=\"485\" src=\"https:\/\/curvyplasticsurgery.com\/wp-content\/uploads\/2026\/04\/financing-768x485.jpg\" class=\"attachment-medium_large size-medium_large wp-image-4271\" alt=\"Financing\" srcset=\"https:\/\/curvyplasticsurgery.com\/wp-content\/uploads\/2026\/04\/financing-768x485.jpg 768w, https:\/\/curvyplasticsurgery.com\/wp-content\/uploads\/2026\/04\/financing-300x190.jpg 300w, https:\/\/curvyplasticsurgery.com\/wp-content\/uploads\/2026\/04\/financing-1024x647.jpg 1024w, https:\/\/curvyplasticsurgery.com\/wp-content\/uploads\/2026\/04\/financing-1536x970.jpg 1536w, https:\/\/curvyplasticsurgery.com\/wp-content\/uploads\/2026\/04\/financing-18x12.jpg 18w, https:\/\/curvyplasticsurgery.com\/wp-content\/uploads\/2026\/04\/financing.jpg 1792w\" sizes=\"(max-width: 768px) 100vw, 768px\" \/>\t\t\t\t\t\t\t\t\t\t\t\t\t\t\t<\/div>\n\t\t\t\t<\/div>\n\t\t<div class=\"elementor-element elementor-element-6eebe45 e-con-full e-flex e-con e-child\" data-id=\"6eebe45\" data-element_type=\"container\" data-e-type=\"container\">\n\t\t\t\t<div class=\"elementor-element elementor-element-3d6892c elementor-widget elementor-widget-heading\" data-id=\"3d6892c\" data-element_type=\"widget\" data-e-type=\"widget\" data-widget_type=\"heading.default\">\n\t\t\t\t\t<h2 class=\"elementor-heading-title elementor-size-default\">Flexible Payment Plans<\/h2>\t\t\t\t<\/div>\n\t\t\t\t<div class=\"elementor-element elementor-element-fc775cd elementor-widget__width-initial elementor-widget elementor-widget-heading\" data-id=\"fc775cd\" data-element_type=\"widget\" data-e-type=\"widget\" data-widget_type=\"heading.default\">\n\t\t\t\t\t<h2 class=\"elementor-heading-title elementor-size-default\">0% interest<\/h2>\t\t\t\t<\/div>\n\t\t\t\t<div class=\"elementor-element elementor-element-41a36e0 elementor-widget__width-initial elementor-widget elementor-widget-heading\" data-id=\"41a36e0\" data-element_type=\"widget\" data-e-type=\"widget\" data-widget_type=\"heading.default\">\n\t\t\t\t\t<h2 class=\"elementor-heading-title elementor-size-default\">up to 24 months<\/h2>\t\t\t\t<\/div>\n\t\t\t\t<div class=\"elementor-element elementor-element-d34ecf4 elementor-align-justify elementor-widget__width-initial elementor-hidden-mobile elementor-widget elementor-widget-button\" data-id=\"d34ecf4\" data-element_type=\"widget\" data-e-type=\"widget\" data-widget_type=\"button.default\">\n\t\t\t\t\t\t\t\t\t\t<a class=\"elementor-button elementor-button-link elementor-size-sm\" href=\"https:\/\/curvyplasticsurgery.com\/es\/financing\/\">\n\t\t\t\t\t\t<span class=\"elementor-button-content-wrapper\">\n\t\t\t\t\t\t\t\t\t<span class=\"elementor-button-text\">Apply Now<\/span>\n\t\t\t\t\t<\/span>\n\t\t\t\t\t<\/a>\n\t\t\t\t\t\t\t\t<\/div>\n\t\t\t\t<div class=\"elementor-element elementor-element-a95f1d4 elementor-widget elementor-widget-heading\" data-id=\"a95f1d4\" data-element_type=\"widget\" data-e-type=\"widget\" data-widget_type=\"heading.default\">\n\t\t\t\t\t<h2 class=\"elementor-heading-title elementor-size-default\">Elevate your look with total peace of mind and results tailored to you!<\/h2>\t\t\t\t<\/div>\n\t\t\t\t<\/div>\n\t\t\t\t<div class=\"elementor-element elementor-element-a8ef9fe elementor-align-justify elementor-widget__width-initial e-transform elementor-hidden-desktop elementor-widget elementor-widget-button\" data-id=\"a8ef9fe\" data-element_type=\"widget\" data-e-type=\"widget\" data-settings=\"{&quot;_transform_translateX_effect&quot;:{&quot;unit&quot;:&quot;px&quot;,&quot;size&quot;:0,&quot;sizes&quot;:[]},&quot;_transform_translateY_effect_mobile&quot;:{&quot;unit&quot;:&quot;px&quot;,&quot;size&quot;:25,&quot;sizes&quot;:[]},&quot;_transform_translateX_effect_tablet&quot;:{&quot;unit&quot;:&quot;px&quot;,&quot;size&quot;:&quot;&quot;,&quot;sizes&quot;:[]},&quot;_transform_translateX_effect_mobile&quot;:{&quot;unit&quot;:&quot;px&quot;,&quot;size&quot;:&quot;&quot;,&quot;sizes&quot;:[]},&quot;_transform_translateY_effect&quot;:{&quot;unit&quot;:&quot;px&quot;,&quot;size&quot;:&quot;&quot;,&quot;sizes&quot;:[]},&quot;_transform_translateY_effect_tablet&quot;:{&quot;unit&quot;:&quot;px&quot;,&quot;size&quot;:&quot;&quot;,&quot;sizes&quot;:[]}}\" data-widget_type=\"button.default\">\n\t\t\t\t\t\t\t\t\t\t<a class=\"elementor-button elementor-button-link elementor-size-sm\" href=\"https:\/\/curvyplasticsurgery.com\/es\/financing\/\">\n\t\t\t\t\t\t<span class=\"elementor-button-content-wrapper\">\n\t\t\t\t\t\t\t\t\t<span class=\"elementor-button-text\">Apply Now<\/span>\n\t\t\t\t\t<\/span>\n\t\t\t\t\t<\/a>\n\t\t\t\t\t\t\t\t<\/div>\n\t\t\t\t<\/div>\n\t\t\t\t<div class=\"elementor-element elementor-element-98b420c elementor-hidden-mobile elementor-widget elementor-widget-heading\" data-id=\"98b420c\" data-element_type=\"widget\" data-e-type=\"widget\" data-widget_type=\"heading.default\">\n\t\t\t\t\t<h2 class=\"elementor-heading-title elementor-size-default\">Nuestros procedimientos<\/h2>\t\t\t\t<\/div>\n\t\t\t\t<div class=\"elementor-element elementor-element-5be769f elementor-hidden-desktop elementor-hidden-tablet elementor-widget elementor-widget-heading\" data-id=\"5be769f\" data-element_type=\"widget\" data-e-type=\"widget\" data-widget_type=\"heading.default\">\n\t\t\t\t\t<h2 class=\"elementor-heading-title elementor-size-default\">Nuestros procedimientos<\/h2>\t\t\t\t<\/div>\n\t\t\t\t\t<\/div>\n\t\t\t\t<\/div>\n\t\t<div class=\"elementor-element elementor-element-08f49c4 e-flex e-con-boxed e-con e-parent\" data-id=\"08f49c4\" data-element_type=\"container\" data-e-type=\"container\" data-settings=\"{&quot;background_background&quot;:&quot;classic&quot;}\">\n\t\t\t\t\t<div class=\"e-con-inner\">\n\t\t<div class=\"elementor-element elementor-element-cff5c9a e-con-full e-flex e-con e-child\" data-id=\"cff5c9a\" data-element_type=\"container\" data-e-type=\"container\">\n\t\t\t\t<div class=\"elementor-element elementor-element-caf4795 elementor-widget elementor-widget-image\" data-id=\"caf4795\" data-element_type=\"widget\" data-e-type=\"widget\" data-widget_type=\"image.default\">\n\t\t\t\t\t\t\t\t\t\t\t\t\t\t\t<img decoding=\"async\" width=\"768\" height=\"1125\" src=\"https:\/\/curvyplasticsurgery.com\/wp-content\/uploads\/2025\/10\/bbl_image_01-768x1125.png\" class=\"attachment-medium_large size-medium_large wp-image-118\" alt=\"BRAZILIAN BUTT LIFT (BBL)\" srcset=\"https:\/\/curvyplasticsurgery.com\/wp-content\/uploads\/2025\/10\/bbl_image_01-768x1125.png 768w, https:\/\/curvyplasticsurgery.com\/wp-content\/uploads\/2025\/10\/bbl_image_01-205x300.png 205w, https:\/\/curvyplasticsurgery.com\/wp-content\/uploads\/2025\/10\/bbl_image_01-699x1024.png 699w, https:\/\/curvyplasticsurgery.com\/wp-content\/uploads\/2025\/10\/bbl_image_01.png 1024w\" sizes=\"(max-width: 768px) 100vw, 768px\" \/>\t\t\t\t\t\t\t\t\t\t\t\t\t\t\t<\/div>\n\t\t\t\t<\/div>\n\t\t<div class=\"elementor-element elementor-element-8d6fa96 e-con-full e-flex e-con e-child\" data-id=\"8d6fa96\" data-element_type=\"container\" data-e-type=\"container\">\n\t\t\t\t<div class=\"elementor-element elementor-element-766dcca elementor-hidden-desktop elementor-hidden-tablet elementor-widget elementor-widget-heading\" data-id=\"766dcca\" data-element_type=\"widget\" data-e-type=\"widget\" data-widget_type=\"heading.default\">\n\t\t\t\t\t<h2 class=\"elementor-heading-title elementor-size-default\">Levantamiento de gl\u00fateos (BBL)<\/h2>\t\t\t\t<\/div>\n\t\t\t\t<div class=\"elementor-element elementor-element-1dfcb95 elementor-hidden-mobile elementor-widget elementor-widget-heading\" data-id=\"1dfcb95\" data-element_type=\"widget\" data-e-type=\"widget\" data-widget_type=\"heading.default\">\n\t\t\t\t\t<h2 class=\"elementor-heading-title elementor-size-default\">Levantamiento de gl\u00fateos (BBL)<\/h2>\t\t\t\t<\/div>\n\t\t\t\t<div class=\"elementor-element elementor-element-a67e223 elementor-widget elementor-widget-text-editor\" data-id=\"a67e223\" data-element_type=\"widget\" data-e-type=\"widget\" data-widget_type=\"text-editor.default\">\n\t\t\t\t\t\t\t\t\t<p>El Levantamiento de Gl\u00fateos Brasile\u00f1o es un procedimiento de contorno corporal que mejora la forma y el volumen de los gl\u00fateos utilizando su propia grasa natural. Primero, se extrae suavemente la grasa no deseada de zonas como el abdomen, los flancos o los muslos mediante liposucci\u00f3n. Posteriormente, esa grasa se purifica cuidadosamente y se injerta art\u00edsticamente en los gl\u00fateos, creando curvas m\u00e1s redondeadas y levantadas, y una silueta equilibrada.<\/p>\t\t\t\t\t\t\t\t<\/div>\n\t\t\t\t<\/div>\n\t\t\t\t\t<\/div>\n\t\t\t\t<\/div>\n\t\t<section class=\"elementor-element elementor-element-f6d0256 e-flex e-con-boxed e-con e-parent\" data-id=\"f6d0256\" data-element_type=\"container\" data-e-type=\"container\" data-settings=\"{&quot;background_background&quot;:&quot;classic&quot;}\">\n\t\t\t\t\t<div class=\"e-con-inner\">\n\t\t<div class=\"elementor-element elementor-element-5e5167d e-con-full e-flex e-con e-child\" data-id=\"5e5167d\" data-element_type=\"container\" data-e-type=\"container\">\n\t\t\t\t<div class=\"elementor-element elementor-element-aad1bfa elementor-hidden-desktop elementor-hidden-tablet elementor-widget elementor-widget-heading\" data-id=\"aad1bfa\" data-element_type=\"widget\" data-e-type=\"widget\" data-widget_type=\"heading.default\">\n\t\t\t\t\t<h2 class=\"elementor-heading-title elementor-size-default\">LEVANTAMIENTO Y AUMENTO DE SENOS<\/h2>\t\t\t\t<\/div>\n\t\t\t\t<div class=\"elementor-element elementor-element-7943108 elementor-hidden-mobile elementor-widget elementor-widget-heading\" data-id=\"7943108\" data-element_type=\"widget\" data-e-type=\"widget\" data-widget_type=\"heading.default\">\n\t\t\t\t\t<h2 class=\"elementor-heading-title elementor-size-default\">LEVANTAMIENTO Y AUMENTO DE SENOS<\/h2>\t\t\t\t<\/div>\n\t\t\t\t<div class=\"elementor-element elementor-element-35e6bb8 elementor-widget elementor-widget-text-editor\" data-id=\"35e6bb8\" data-element_type=\"widget\" data-e-type=\"widget\" data-widget_type=\"text-editor.default\">\n\t\t\t\t\t\t\t\t\t<p>El levantamiento de senos (mastopexia) y el aumento de senos pueden realizarse por separado o en combinaci\u00f3n para rejuvenecer y realzar el busto. El levantamiento restaura la posici\u00f3n y firmeza de la mama al tensar la piel estirada y remodelar el tejido mamario, mientras que el aumento a\u00f1ade volumen y plenitud mediante implantes o transferencia de grasa.<\/p>\t\t\t\t\t\t\t\t<\/div>\n\t\t\t\t<\/div>\n\t\t<div class=\"elementor-element elementor-element-91b6b12 e-con-full e-flex e-con e-child\" data-id=\"91b6b12\" data-element_type=\"container\" data-e-type=\"container\">\n\t\t\t\t<div class=\"elementor-element elementor-element-24beaff elementor-widget elementor-widget-image\" data-id=\"24beaff\" data-element_type=\"widget\" data-e-type=\"widget\" data-widget_type=\"image.default\">\n\t\t\t\t\t\t\t\t\t\t\t\t\t\t\t<img loading=\"lazy\" decoding=\"async\" width=\"768\" height=\"1075\" src=\"https:\/\/curvyplasticsurgery.com\/wp-content\/uploads\/2025\/10\/bl_image_01-768x1075.png\" class=\"attachment-medium_large size-medium_large wp-image-186\" alt=\"BREAST LIFT &amp; AUGMENTATION\" srcset=\"https:\/\/curvyplasticsurgery.com\/wp-content\/uploads\/2025\/10\/bl_image_01-768x1075.png 768w, https:\/\/curvyplasticsurgery.com\/wp-content\/uploads\/2025\/10\/bl_image_01-214x300.png 214w, https:\/\/curvyplasticsurgery.com\/wp-content\/uploads\/2025\/10\/bl_image_01-732x1024.png 732w, https:\/\/curvyplasticsurgery.com\/wp-content\/uploads\/2025\/10\/bl_image_01.png 1072w\" sizes=\"(max-width: 768px) 100vw, 768px\" \/>\t\t\t\t\t\t\t\t\t\t\t\t\t\t\t<\/div>\n\t\t\t\t<\/div>\n\t\t\t\t\t<\/div>\n\t\t\t\t<\/section>\n\t\t<section class=\"elementor-element elementor-element-4e35648 e-flex e-con-boxed e-con e-parent\" data-id=\"4e35648\" data-element_type=\"container\" data-e-type=\"container\" data-settings=\"{&quot;background_background&quot;:&quot;classic&quot;}\">\n\t\t\t\t\t<div class=\"e-con-inner\">\n\t\t<div class=\"elementor-element elementor-element-7f37424 e-con-full e-flex e-con e-child\" data-id=\"7f37424\" data-element_type=\"container\" data-e-type=\"container\">\n\t\t\t\t<div class=\"elementor-element elementor-element-e2d7ab6 elementor-widget elementor-widget-image\" data-id=\"e2d7ab6\" data-element_type=\"widget\" data-e-type=\"widget\" data-widget_type=\"image.default\">\n\t\t\t\t\t\t\t\t\t\t\t\t\t\t\t<img loading=\"lazy\" decoding=\"async\" width=\"768\" height=\"1076\" src=\"https:\/\/curvyplasticsurgery.com\/wp-content\/uploads\/2025\/10\/tt_image_01-768x1076.png\" class=\"attachment-medium_large size-medium_large wp-image-190\" alt=\"tummy tuck\" srcset=\"https:\/\/curvyplasticsurgery.com\/wp-content\/uploads\/2025\/10\/tt_image_01-768x1076.png 768w, https:\/\/curvyplasticsurgery.com\/wp-content\/uploads\/2025\/10\/tt_image_01-214x300.png 214w, https:\/\/curvyplasticsurgery.com\/wp-content\/uploads\/2025\/10\/tt_image_01-731x1024.png 731w, https:\/\/curvyplasticsurgery.com\/wp-content\/uploads\/2025\/10\/tt_image_01.png 1071w\" sizes=\"(max-width: 768px) 100vw, 768px\" \/>\t\t\t\t\t\t\t\t\t\t\t\t\t\t\t<\/div>\n\t\t\t\t<\/div>\n\t\t<div class=\"elementor-element elementor-element-838538b e-con-full e-flex e-con e-child\" data-id=\"838538b\" data-element_type=\"container\" data-e-type=\"container\">\n\t\t\t\t<div class=\"elementor-element elementor-element-731d7c2 elementor-hidden-desktop elementor-hidden-tablet elementor-widget elementor-widget-heading\" data-id=\"731d7c2\" data-element_type=\"widget\" data-e-type=\"widget\" data-widget_type=\"heading.default\">\n\t\t\t\t\t<h2 class=\"elementor-heading-title elementor-size-default\">Abdominoplastia<\/h2>\t\t\t\t<\/div>\n\t\t\t\t<div class=\"elementor-element elementor-element-0698d88 elementor-hidden-mobile elementor-widget elementor-widget-heading\" data-id=\"0698d88\" data-element_type=\"widget\" data-e-type=\"widget\" data-widget_type=\"heading.default\">\n\t\t\t\t\t<h2 class=\"elementor-heading-title elementor-size-default\">Abdominoplastia<\/h2>\t\t\t\t<\/div>\n\t\t\t\t<div class=\"elementor-element elementor-element-2c69d7b elementor-widget elementor-widget-text-editor\" data-id=\"2c69d7b\" data-element_type=\"widget\" data-e-type=\"widget\" data-widget_type=\"text-editor.default\">\n\t\t\t\t\t\t\t\t\t<p>La abdominoplastia es un procedimiento de contorno corporal dise\u00f1ado para crear una secci\u00f3n media m\u00e1s lisa y plana. Durante la cirug\u00eda, se elimina el exceso de piel y grasa, y se tensan los m\u00fasculos abdominales para restaurar una apariencia m\u00e1s firme y esculpida. Este tratamiento es especialmente popular despu\u00e9s del embarazo, una p\u00e9rdida de peso importante o cuando la piel fl\u00e1cida y los m\u00fasculos estirados dificultan lograr la figura deseada solo con dieta y ejercicio.<\/p>\t\t\t\t\t\t\t\t<\/div>\n\t\t\t\t<\/div>\n\t\t\t\t\t<\/div>\n\t\t\t\t<\/section>\n\t\t<section class=\"elementor-element elementor-element-e178e8f e-flex e-con-boxed e-con e-parent\" data-id=\"e178e8f\" data-element_type=\"container\" data-e-type=\"container\" data-settings=\"{&quot;background_background&quot;:&quot;classic&quot;}\">\n\t\t\t\t\t<div class=\"e-con-inner\">\n\t\t<div class=\"elementor-element elementor-element-4146938 e-con-full e-flex e-con e-child\" data-id=\"4146938\" data-element_type=\"container\" data-e-type=\"container\">\n\t\t\t\t<div class=\"elementor-element elementor-element-bdc72bb elementor-widget elementor-widget-heading\" data-id=\"bdc72bb\" data-element_type=\"widget\" data-e-type=\"widget\" data-widget_type=\"heading.default\">\n\t\t\t\t\t<h2 class=\"elementor-heading-title elementor-size-default\">CONT\u00c1CTENOS<\/h2>\t\t\t\t<\/div>\n\t\t\t\t<\/div>\n\t\t\t\t\t<\/div>\n\t\t\t\t<\/section>\n\t\t\t\t<\/div>","protected":false},"excerpt":{"rendered":"<p>Luxury &amp; Innovative Cosmetic SURGERY BOOK A CONSULTATION Our clinic was created with one goal: to combine world-class surgical expertise with a warm, boutique experience. From liposuction and BBL to tummy tucks, breast enhancements, and facelifts, every treatment is tailored to your goals and performed with the highest standards of safety and artistry. Flexible Payment [&hellip;]<\/p>\n","protected":false},"author":1,"featured_media":0,"parent":0,"menu_order":0,"comment_status":"closed","ping_status":"closed","template":"","meta":{"footnotes":""},"class_list":["post-8","page","type-page","status-publish","hentry"],"aioseo_notices":[],"_links":{"self":[{"href":"https:\/\/curvyplasticsurgery.com\/es\/wp-json\/wp\/v2\/pages\/8","targetHints":{"allow":["GET"]}}],"collection":[{"href":"https:\/\/curvyplasticsurgery.com\/es\/wp-json\/wp\/v2\/pages"}],"about":[{"href":"https:\/\/curvyplasticsurgery.com\/es\/wp-json\/wp\/v2\/types\/page"}],"author":[{"embeddable":true,"href":"https:\/\/curvyplasticsurgery.com\/es\/wp-json\/wp\/v2\/users\/1"}],"replies":[{"embeddable":true,"href":"https:\/\/curvyplasticsurgery.com\/es\/wp-json\/wp\/v2\/comments?post=8"}],"version-history":[{"count":870,"href":"https:\/\/curvyplasticsurgery.com\/es\/wp-json\/wp\/v2\/pages\/8\/revisions"}],"predecessor-version":[{"id":4539,"href":"https:\/\/curvyplasticsurgery.com\/es\/wp-json\/wp\/v2\/pages\/8\/revisions\/4539"}],"wp:attachment":[{"href":"https:\/\/curvyplasticsurgery.com\/es\/wp-json\/wp\/v2\/media?parent=8"}],"curies":[{"name":"wp","href":"https:\/\/api.w.org\/{rel}","templated":true}]}}