{"id":313,"date":"2025-10-07T18:14:08","date_gmt":"2025-10-07T18:14:08","guid":{"rendered":"https:\/\/curvyplasticsurgery.com\/?page_id=313"},"modified":"2026-04-20T09:40:58","modified_gmt":"2026-04-20T13:40:58","slug":"brazilian-butt-lift","status":"publish","type":"page","link":"https:\/\/curvyplasticsurgery.com\/es\/brazilian-butt-lift\/","title":{"rendered":"Levantamiento de Gl\u00fateos"},"content":{"rendered":"<div data-elementor-type=\"wp-page\" data-elementor-id=\"313\" class=\"elementor elementor-313\" data-elementor-post-type=\"page\">\n\t\t\t\t<section class=\"elementor-element elementor-element-fad9879 e-flex e-con-boxed e-con e-parent\" data-id=\"fad9879\" data-element_type=\"container\" data-e-type=\"container\" data-settings=\"{&quot;background_background&quot;:&quot;classic&quot;}\">\n\t\t\t\t\t<div class=\"e-con-inner\">\n\t\t<div class=\"elementor-element elementor-element-d6e1c7a e-con-full e-flex e-con e-child\" data-id=\"d6e1c7a\" data-element_type=\"container\" data-e-type=\"container\">\n\t\t\t\t<div class=\"elementor-element elementor-element-54cdc0a elementor-widget elementor-widget-heading\" data-id=\"54cdc0a\" data-element_type=\"widget\" data-e-type=\"widget\" data-widget_type=\"heading.default\">\n\t\t\t\t\t<h2 class=\"elementor-heading-title elementor-size-default\">CIRUG\u00cdA EST\u00c9TICA<\/h2>\t\t\t\t<\/div>\n\t\t\t\t<div class=\"elementor-element elementor-element-87ba6f3 elementor-hidden-desktop elementor-hidden-tablet elementor-widget elementor-widget-heading\" data-id=\"87ba6f3\" data-element_type=\"widget\" data-e-type=\"widget\" data-widget_type=\"heading.default\">\n\t\t\t\t\t<h2 class=\"elementor-heading-title elementor-size-default\">Levantamiento de gl\u00fateos<\/h2>\t\t\t\t<\/div>\n\t\t\t\t<div class=\"elementor-element elementor-element-7fec738 elementor-hidden-mobile elementor-widget elementor-widget-heading\" data-id=\"7fec738\" data-element_type=\"widget\" data-e-type=\"widget\" data-widget_type=\"heading.default\">\n\t\t\t\t\t<h2 class=\"elementor-heading-title elementor-size-default\">Levantamiento de gl\u00fateos<\/h2>\t\t\t\t<\/div>\n\t\t\t\t<\/div>\n\t\t\t\t<div class=\"elementor-element elementor-element-32fe4de elementor-widget elementor-widget-button\" data-id=\"32fe4de\" data-element_type=\"widget\" data-e-type=\"widget\" data-widget_type=\"button.default\">\n\t\t\t\t\t\t\t\t\t\t<a class=\"elementor-button elementor-button-link elementor-size-sm elementor-animation-sink\" href=\"#elementor-action%3Aaction%3Dpopup%3Aopen%26settings%3DeyJpZCI6IjcyNSIsInRvZ2dsZSI6ZmFsc2V9\">\n\t\t\t\t\t\t<span class=\"elementor-button-content-wrapper\">\n\t\t\t\t\t\t\t\t\t<span class=\"elementor-button-text\">Agendar UNA CONSULTA<\/span>\n\t\t\t\t\t<\/span>\n\t\t\t\t\t<\/a>\n\t\t\t\t\t\t\t\t<\/div>\n\t\t\t\t<div class=\"elementor-element elementor-element-fac3cb9 elementor-widget elementor-widget-text-editor\" data-id=\"fac3cb9\" data-element_type=\"widget\" data-e-type=\"widget\" data-widget_type=\"text-editor.default\">\n\t\t\t\t\t\t\t\t\t<p>El Levantamiento de Gl\u00fateos Brasile\u00f1o es la transformaci\u00f3n definitiva dos en uno. Al eliminar la grasa no deseada de zonas como el abdomen o los muslos y transferirla a los gl\u00fateos, esculpimos una figura m\u00e1s esbelta y realzamos tus curvas, con resultados naturales y duraderos.<\/p>\t\t\t\t\t\t\t\t<\/div>\n\t\t\t\t\t<\/div>\n\t\t\t\t<\/section>\n\t\t<section class=\"elementor-element elementor-element-8bcc417 e-flex e-con-boxed e-con e-parent\" data-id=\"8bcc417\" data-element_type=\"container\" data-e-type=\"container\" data-settings=\"{&quot;background_background&quot;:&quot;classic&quot;}\">\n\t\t\t\t\t<div class=\"e-con-inner\">\n\t\t<div class=\"elementor-element elementor-element-884d76d e-con-full e-flex e-con e-child\" data-id=\"884d76d\" data-element_type=\"container\" data-e-type=\"container\">\n\t\t\t\t<div class=\"elementor-element elementor-element-b278a6b elementor-widget elementor-widget-heading\" data-id=\"b278a6b\" data-element_type=\"widget\" data-e-type=\"widget\" data-widget_type=\"heading.default\">\n\t\t\t\t\t<h2 class=\"elementor-heading-title elementor-size-default\">\u00bfQu\u00e9 sucede durante un BBL?<\/h2>\t\t\t\t<\/div>\n\t\t\t\t<div class=\"elementor-element elementor-element-8d5dab6 elementor-widget elementor-widget-text-editor\" data-id=\"8d5dab6\" data-element_type=\"widget\" data-e-type=\"widget\" data-widget_type=\"text-editor.default\">\n\t\t\t\t\t\t\t\t\t<p>En Curvy Plastic Surgery, nuestros cirujanos pl\u00e1sticos certificados se especializan en esculpir curvas hermosas y naturales mediante el Levantamiento de Gl\u00fateos Brasile\u00f1o. La grasa no deseada se extrae cuidadosamente de zonas como el abdomen, los flancos o los muslos y se transfiere art\u00edsticamente a los gl\u00fateos, todo en la comodidad de nuestras instalaciones de vanguardia, donde su seguridad y comodidad son nuestra m\u00e1xima prioridad.\u00a0<\/p><p>Anteriormente, las t\u00e9cnicas tradicionales de transferencia de grasa produc\u00edan resultados inconsistentes, con solo un 30% de la grasa injertada sobreviviendo a largo plazo. Hoy, gracias a los m\u00e9todos avanzados de nuestros cirujanos, logramos una tasa de retenci\u00f3n de grasa consistente del 60 al 80%. Al combinar una liposucci\u00f3n precisa con una purificaci\u00f3n de grasa de vanguardia, ofrecemos resultados m\u00e1s voluminosos, duraderos y de aspecto m\u00e1s natural, brind\u00e1ndole las curvas que siempre ha so\u00f1ado con una confianza duradera.<\/p>\t\t\t\t\t\t\t\t<\/div>\n\t\t\t\t<\/div>\n\t\t<div class=\"elementor-element elementor-element-655c303 e-con-full e-flex e-con e-child\" data-id=\"655c303\" data-element_type=\"container\" data-e-type=\"container\">\n\t\t\t\t<div class=\"elementor-element elementor-element-48081b5 elementor-widget elementor-widget-image\" data-id=\"48081b5\" data-element_type=\"widget\" data-e-type=\"widget\" data-widget_type=\"image.default\">\n\t\t\t\t\t\t\t\t\t\t\t\t\t\t\t<img fetchpriority=\"high\" decoding=\"async\" width=\"768\" height=\"1125\" src=\"https:\/\/curvyplasticsurgery.com\/wp-content\/uploads\/2025\/10\/bbl_image_01-768x1125.png\" class=\"attachment-medium_large size-medium_large wp-image-118\" alt=\"BRAZILIAN BUTT LIFT (BBL)\" srcset=\"https:\/\/curvyplasticsurgery.com\/wp-content\/uploads\/2025\/10\/bbl_image_01-768x1125.png 768w, https:\/\/curvyplasticsurgery.com\/wp-content\/uploads\/2025\/10\/bbl_image_01-205x300.png 205w, https:\/\/curvyplasticsurgery.com\/wp-content\/uploads\/2025\/10\/bbl_image_01-699x1024.png 699w, https:\/\/curvyplasticsurgery.com\/wp-content\/uploads\/2025\/10\/bbl_image_01.png 1024w\" sizes=\"(max-width: 768px) 100vw, 768px\" \/>\t\t\t\t\t\t\t\t\t\t\t\t\t\t\t<\/div>\n\t\t\t\t<\/div>\n\t\t\t\t\t<\/div>\n\t\t\t\t<\/section>\n\t\t<section class=\"elementor-element elementor-element-ea35c18 e-flex e-con-boxed e-con e-parent\" data-id=\"ea35c18\" data-element_type=\"container\" data-e-type=\"container\" data-settings=\"{&quot;background_background&quot;:&quot;classic&quot;}\">\n\t\t\t\t\t<div class=\"e-con-inner\">\n\t\t<div class=\"elementor-element elementor-element-15c496e e-con-full e-flex e-con e-child\" data-id=\"15c496e\" data-element_type=\"container\" data-e-type=\"container\">\n\t\t\t\t<div class=\"elementor-element elementor-element-7a8586e elementor-widget elementor-widget-image\" data-id=\"7a8586e\" data-element_type=\"widget\" data-e-type=\"widget\" data-widget_type=\"image.default\">\n\t\t\t\t\t\t\t\t\t\t\t\t\t\t\t<img decoding=\"async\" width=\"768\" height=\"1076\" src=\"https:\/\/curvyplasticsurgery.com\/wp-content\/uploads\/2025\/10\/bbl_image_04-768x1076.png\" class=\"attachment-medium_large size-medium_large wp-image-1701\" alt=\"BRAZILIAN BUTT LIFT (BBL)\" srcset=\"https:\/\/curvyplasticsurgery.com\/wp-content\/uploads\/2025\/10\/bbl_image_04-768x1076.png 768w, https:\/\/curvyplasticsurgery.com\/wp-content\/uploads\/2025\/10\/bbl_image_04-214x300.png 214w, https:\/\/curvyplasticsurgery.com\/wp-content\/uploads\/2025\/10\/bbl_image_04-731x1024.png 731w, https:\/\/curvyplasticsurgery.com\/wp-content\/uploads\/2025\/10\/bbl_image_04.png 1071w\" sizes=\"(max-width: 768px) 100vw, 768px\" \/>\t\t\t\t\t\t\t\t\t\t\t\t\t\t\t<\/div>\n\t\t\t\t<\/div>\n\t\t<div class=\"elementor-element elementor-element-5692d01 e-con-full e-flex e-con e-child\" data-id=\"5692d01\" data-element_type=\"container\" data-e-type=\"container\">\n\t\t\t\t<div class=\"elementor-element elementor-element-1e3cfa6 elementor-widget elementor-widget-text-editor\" data-id=\"1e3cfa6\" data-element_type=\"widget\" data-e-type=\"widget\" data-widget_type=\"text-editor.default\">\n\t\t\t\t\t\t\t\t\t<p>En Curvy Plastic Surgery, cada levantamiento de gl\u00fateos brasile\u00f1o es realizado por cirujanos pl\u00e1sticos certificados que combinan maestr\u00eda con experiencia m\u00e9dica avanzada. El procedimiento comienza con una liposucci\u00f3n precisa, donde se extrae cuidadosamente la grasa no deseada de zonas como el abdomen, la cintura o los muslos. Posteriormente, esa grasa se purifica y se inyecta estrat\u00e9gicamente en los gl\u00fateos, esculpiendo curvas m\u00e1s completas y mejorando su figura general. Todos los procedimientos se realizan en nuestras instalaciones de vanguardia, donde su comodidad y seguridad son nuestra m\u00e1xima prioridad.&nbsp;<\/p><p>Anteriormente, las t\u00e9cnicas tradicionales de transferencia de grasa ofrec\u00edan resultados inconsistentes, con solo un 30 % de las c\u00e9lulas grasas sobreviviendo a largo plazo. Gracias a nuestros m\u00e9todos de vanguardia, nuestros pacientes ahora se benefician de una tasa de retenci\u00f3n de grasa del 60 % al 80 %, lo que garantiza resultados m\u00e1s voluminosos, duraderos y de aspecto m\u00e1s natural.<\/p>\t\t\t\t\t\t\t\t<\/div>\n\t\t\t\t<\/div>\n\t\t\t\t\t<\/div>\n\t\t\t\t<\/section>\n\t\t<section class=\"elementor-element elementor-element-bc4abb3 e-flex e-con-boxed e-con e-parent\" data-id=\"bc4abb3\" data-element_type=\"container\" data-e-type=\"container\" data-settings=\"{&quot;background_background&quot;:&quot;classic&quot;}\">\n\t\t\t\t\t<div class=\"e-con-inner\">\n\t\t<div class=\"elementor-element elementor-element-0b3c28d e-con-full e-flex e-con e-child\" data-id=\"0b3c28d\" data-element_type=\"container\" data-e-type=\"container\">\n\t\t\t\t<div class=\"elementor-element elementor-element-4a9acad elementor-widget elementor-widget-heading\" data-id=\"4a9acad\" data-element_type=\"widget\" data-e-type=\"widget\" data-widget_type=\"heading.default\">\n\t\t\t\t\t<h2 class=\"elementor-heading-title elementor-size-default\">\u00bfEl levantamiento de gl\u00fateos brasile\u00f1o es adecuado para m\u00ed?<\/h2>\t\t\t\t<\/div>\n\t\t\t\t<div class=\"elementor-element elementor-element-7445786 elementor-widget elementor-widget-text-editor\" data-id=\"7445786\" data-element_type=\"widget\" data-e-type=\"widget\" data-widget_type=\"text-editor.default\">\n\t\t\t\t\t\t\t\t\t<p>En general, si no te convence el tama\u00f1o y la forma de tus gl\u00fateos, tienes grasa extra con la que trabajar, gozas de buena salud y no fumas, un levantamiento de gl\u00fateos brasile\u00f1o (BBL) podr\u00eda ser la opci\u00f3n ideal. Si te preguntas si un levantamiento de gl\u00fateos brasile\u00f1o es adecuado para ti, aqu\u00ed tienes algunos beneficios del procedimiento que debes considerar: Contorno corporal personalizado. Tu BBL se adapta a tus objetivos espec\u00edficos y a tu forma corporal. Resultados de aspecto natural. Utiliza tu grasa para...<\/p><p>Aumento que crea una apariencia natural y duradera. Cicatrices m\u00ednimas. Las incisiones diminutas resultan en cicatrices pr\u00e1cticamente invisibles. No necesitas curvas.\u00a0<\/p><p>Para conseguir curvas. \u00bfCrees que necesitas unos kilos de m\u00e1s para hacerte un levantamiento de gl\u00fateos brasile\u00f1o? \u00a1Pi\u00e9nsalo de nuevo! Incluso si eres delgada por naturaleza, puedes mejorar tus gl\u00fateos sin engordar. Existe un tipo especial de levantamiento de gl\u00fateos brasile\u00f1o, especialmente para personas con bajo porcentaje de grasa corporal. El levantamiento de gl\u00fateos Skinny est\u00e1 dise\u00f1ado para darte esas curvas deseadas sin necesidad de trabajar con mucha grasa extra.<\/p>\t\t\t\t\t\t\t\t<\/div>\n\t\t\t\t<\/div>\n\t\t<div class=\"elementor-element elementor-element-4834b98 e-con-full e-flex e-con e-child\" data-id=\"4834b98\" data-element_type=\"container\" data-e-type=\"container\">\n\t\t\t\t<div class=\"elementor-element elementor-element-03e7ac0 elementor-widget elementor-widget-image\" data-id=\"03e7ac0\" data-element_type=\"widget\" data-e-type=\"widget\" data-widget_type=\"image.default\">\n\t\t\t\t\t\t\t\t\t\t\t\t\t\t\t<img decoding=\"async\" width=\"768\" height=\"1075\" src=\"https:\/\/curvyplasticsurgery.com\/wp-content\/uploads\/2025\/10\/bbl_image_03-768x1075.png\" class=\"attachment-medium_large size-medium_large wp-image-597\" alt=\"BRAZILIAN BUTT LIFT (BBL)\" srcset=\"https:\/\/curvyplasticsurgery.com\/wp-content\/uploads\/2025\/10\/bbl_image_03-768x1075.png 768w, https:\/\/curvyplasticsurgery.com\/wp-content\/uploads\/2025\/10\/bbl_image_03-214x300.png 214w, https:\/\/curvyplasticsurgery.com\/wp-content\/uploads\/2025\/10\/bbl_image_03-732x1024.png 732w, https:\/\/curvyplasticsurgery.com\/wp-content\/uploads\/2025\/10\/bbl_image_03.png 1072w\" sizes=\"(max-width: 768px) 100vw, 768px\" \/>\t\t\t\t\t\t\t\t\t\t\t\t\t\t\t<\/div>\n\t\t\t\t<\/div>\n\t\t\t\t\t<\/div>\n\t\t\t\t<\/section>\n\t\t<section class=\"elementor-element elementor-element-247e9563 e-flex e-con-boxed e-con e-parent\" data-id=\"247e9563\" data-element_type=\"container\" data-e-type=\"container\" data-settings=\"{&quot;background_background&quot;:&quot;classic&quot;}\">\n\t\t\t\t\t<div class=\"e-con-inner\">\n\t\t<div class=\"elementor-element elementor-element-1aadebb4 e-con-full e-flex e-con e-child\" data-id=\"1aadebb4\" data-element_type=\"container\" data-e-type=\"container\">\n\t\t\t\t<div class=\"elementor-element elementor-element-55b1389b elementor-widget elementor-widget-image\" data-id=\"55b1389b\" data-element_type=\"widget\" data-e-type=\"widget\" data-widget_type=\"image.default\">\n\t\t\t\t\t\t\t\t\t\t\t\t\t\t\t<img loading=\"lazy\" decoding=\"async\" width=\"561\" height=\"1500\" src=\"https:\/\/curvyplasticsurgery.com\/wp-content\/uploads\/2025\/10\/phone.png\" class=\"attachment-medium_large size-medium_large wp-image-609\" alt=\"\" srcset=\"https:\/\/curvyplasticsurgery.com\/wp-content\/uploads\/2025\/10\/phone.png 561w, https:\/\/curvyplasticsurgery.com\/wp-content\/uploads\/2025\/10\/phone-112x300.png 112w, https:\/\/curvyplasticsurgery.com\/wp-content\/uploads\/2025\/10\/phone-383x1024.png 383w\" sizes=\"(max-width: 561px) 100vw, 561px\" \/>\t\t\t\t\t\t\t\t\t\t\t\t\t\t\t<\/div>\n\t\t\t\t<\/div>\n\t\t<div class=\"elementor-element elementor-element-593d86ce e-con-full e-flex e-con e-child\" data-id=\"593d86ce\" data-element_type=\"container\" data-e-type=\"container\">\n\t\t\t\t<div class=\"elementor-element elementor-element-59b42a18 elementor-widget elementor-widget-heading\" data-id=\"59b42a18\" data-element_type=\"widget\" data-e-type=\"widget\" data-widget_type=\"heading.default\">\n\t\t\t\t\t<h2 class=\"elementor-heading-title elementor-size-default\">MANT\u00c9NGASE CONECTADO<\/h2>\t\t\t\t<\/div>\n\t\t\t\t<div class=\"elementor-element elementor-element-571db711 elementor-widget elementor-widget-heading\" data-id=\"571db711\" data-element_type=\"widget\" data-e-type=\"widget\" data-widget_type=\"heading.default\">\n\t\t\t\t\t<h2 class=\"elementor-heading-title elementor-size-default\">EN LAS REDES SOCIALES<\/h2>\t\t\t\t<\/div>\n\t\t\t\t<div class=\"elementor-element elementor-element-12f062d6 elementor-widget elementor-widget-text-editor\" data-id=\"12f062d6\" data-element_type=\"widget\" data-e-type=\"widget\" data-widget_type=\"text-editor.default\">\n\t\t\t\t\t\t\t\t\t<p>Mant\u00e9ngase conectado con Curvy Plastic Surgery m\u00e1s all\u00e1 de la consulta. Al seguirnos en redes sociales, tendr\u00e1 acceso exclusivo a transformaciones del antes y el despu\u00e9s, contenido tras bambalinas, consejos de recuperaci\u00f3n, historias de pacientes y las \u00faltimas novedades sobre nuestros servicios. Es la manera perfecta de mantenerse inspirado, informado y conectado con una comunidad que celebra la belleza y la confianza a diario.<\/p>\t\t\t\t\t\t\t\t<\/div>\n\t\t\t\t<div class=\"elementor-element elementor-element-30855d6 elementor-shape-circle e-grid-align-left e-grid-align-mobile-center e-grid-align-tablet-center elementor-grid-0 elementor-widget elementor-widget-social-icons\" data-id=\"30855d6\" data-element_type=\"widget\" data-e-type=\"widget\" data-widget_type=\"social-icons.default\">\n\t\t\t\t\t\t\t<div class=\"elementor-social-icons-wrapper elementor-grid\" role=\"list\">\n\t\t\t\t\t\t\t<span class=\"elementor-grid-item\" role=\"listitem\">\n\t\t\t\t\t<a class=\"elementor-icon elementor-social-icon elementor-social-icon-instagram elementor-repeater-item-c014d31\" href=\"https:\/\/www.instagram.com\/curvyplasticsurgery?igsh=YXJobGRla2o3emli\" target=\"_blank\">\n\t\t\t\t\t\t<span class=\"elementor-screen-only\">Instagram<\/span>\n\t\t\t\t\t\t<svg aria-hidden=\"true\" class=\"e-font-icon-svg e-fab-instagram\" viewbox=\"0 0 448 512\" xmlns=\"http:\/\/www.w3.org\/2000\/svg\"><path d=\"M224.1 141c-63.6 0-114.9 51.3-114.9 114.9s51.3 114.9 114.9 114.9S339 319.5 339 255.9 287.7 141 224.1 141zm0 189.6c-41.1 0-74.7-33.5-74.7-74.7s33.5-74.7 74.7-74.7 74.7 33.5 74.7 74.7-33.6 74.7-74.7 74.7zm146.4-194.3c0 14.9-12 26.8-26.8 26.8-14.9 0-26.8-12-26.8-26.8s12-26.8 26.8-26.8 26.8 12 26.8 26.8zm76.1 27.2c-1.7-35.9-9.9-67.7-36.2-93.9-26.2-26.2-58-34.4-93.9-36.2-37-2.1-147.9-2.1-184.9 0-35.8 1.7-67.6 9.9-93.9 36.1s-34.4 58-36.2 93.9c-2.1 37-2.1 147.9 0 184.9 1.7 35.9 9.9 67.7 36.2 93.9s58 34.4 93.9 36.2c37 2.1 147.9 2.1 184.9 0 35.9-1.7 67.7-9.9 93.9-36.2 26.2-26.2 34.4-58 36.2-93.9 2.1-37 2.1-147.8 0-184.8zM398.8 388c-7.8 19.6-22.9 34.7-42.6 42.6-29.5 11.7-99.5 9-132.1 9s-102.7 2.6-132.1-9c-19.6-7.8-34.7-22.9-42.6-42.6-11.7-29.5-9-99.5-9-132.1s-2.6-102.7 9-132.1c7.8-19.6 22.9-34.7 42.6-42.6 29.5-11.7 99.5-9 132.1-9s102.7-2.6 132.1 9c19.6 7.8 34.7 22.9 42.6 42.6 11.7 29.5 9 99.5 9 132.1s2.7 102.7-9 132.1z\"><\/path><\/svg>\t\t\t\t\t<\/a>\n\t\t\t\t<\/span>\n\t\t\t\t\t\t\t<span class=\"elementor-grid-item\" role=\"listitem\">\n\t\t\t\t\t<a class=\"elementor-icon elementor-social-icon elementor-social-icon-facebook elementor-repeater-item-07a86be\" href=\"https:\/\/www.facebook.com\/Curvyplasticsurgery\" target=\"_blank\">\n\t\t\t\t\t\t<span class=\"elementor-screen-only\">Facebook<\/span>\n\t\t\t\t\t\t<svg aria-hidden=\"true\" class=\"e-font-icon-svg e-fab-facebook\" viewbox=\"0 0 512 512\" xmlns=\"http:\/\/www.w3.org\/2000\/svg\"><path d=\"M504 256C504 119 393 8 256 8S8 119 8 256c0 123.78 90.69 226.38 209.25 245V327.69h-63V256h63v-54.64c0-62.15 37-96.48 93.67-96.48 27.14 0 55.52 4.84 55.52 4.84v61h-31.28c-30.8 0-40.41 19.12-40.41 38.73V256h68.78l-11 71.69h-57.78V501C413.31 482.38 504 379.78 504 256z\"><\/path><\/svg>\t\t\t\t\t<\/a>\n\t\t\t\t<\/span>\n\t\t\t\t\t\t\t<span class=\"elementor-grid-item\" role=\"listitem\">\n\t\t\t\t\t<a class=\"elementor-icon elementor-social-icon elementor-social-icon-tiktok elementor-repeater-item-a00310c\" href=\"https:\/\/www.tiktok.com\/@curvyplasticsurgery\" target=\"_blank\">\n\t\t\t\t\t\t<span class=\"elementor-screen-only\">Tiktok<\/span>\n\t\t\t\t\t\t<svg aria-hidden=\"true\" class=\"e-font-icon-svg e-fab-tiktok\" viewbox=\"0 0 448 512\" xmlns=\"http:\/\/www.w3.org\/2000\/svg\"><path d=\"M448,209.91a210.06,210.06,0,0,1-122.77-39.25V349.38A162.55,162.55,0,1,1,185,188.31V278.2a74.62,74.62,0,1,0,52.23,71.18V0l88,0a121.18,121.18,0,0,0,1.86,22.17h0A122.18,122.18,0,0,0,381,102.39a121.43,121.43,0,0,0,67,20.14Z\"><\/path><\/svg>\t\t\t\t\t<\/a>\n\t\t\t\t<\/span>\n\t\t\t\t\t<\/div>\n\t\t\t\t\t\t<\/div>\n\t\t\t\t<\/div>\n\t\t\t\t\t<\/div>\n\t\t\t\t<\/section>\n\t\t\t\t<\/div>","protected":false},"excerpt":{"rendered":"<p>COSMETIC SURGERY BRAZILIAN BUTT LIFT BRAZILIAN BUTT LIFT BOOK A CONSULTATION The Brazilian Butt Lift is the ultimate two-in-one transformation. By removing unwanted fat from areas like your abdomen or thighs and transferring it to your buttocks, we sculpt a slimmer figure while enhancing your curves, all with natural, long lasing results. What Happens During [&hellip;]<\/p>\n","protected":false},"author":1,"featured_media":0,"parent":0,"menu_order":0,"comment_status":"closed","ping_status":"closed","template":"","meta":{"footnotes":""},"class_list":["post-313","page","type-page","status-publish","hentry"],"aioseo_notices":[],"_links":{"self":[{"href":"https:\/\/curvyplasticsurgery.com\/es\/wp-json\/wp\/v2\/pages\/313","targetHints":{"allow":["GET"]}}],"collection":[{"href":"https:\/\/curvyplasticsurgery.com\/es\/wp-json\/wp\/v2\/pages"}],"about":[{"href":"https:\/\/curvyplasticsurgery.com\/es\/wp-json\/wp\/v2\/types\/page"}],"author":[{"embeddable":true,"href":"https:\/\/curvyplasticsurgery.com\/es\/wp-json\/wp\/v2\/users\/1"}],"replies":[{"embeddable":true,"href":"https:\/\/curvyplasticsurgery.com\/es\/wp-json\/wp\/v2\/comments?post=313"}],"version-history":[{"count":392,"href":"https:\/\/curvyplasticsurgery.com\/es\/wp-json\/wp\/v2\/pages\/313\/revisions"}],"predecessor-version":[{"id":4681,"href":"https:\/\/curvyplasticsurgery.com\/es\/wp-json\/wp\/v2\/pages\/313\/revisions\/4681"}],"wp:attachment":[{"href":"https:\/\/curvyplasticsurgery.com\/es\/wp-json\/wp\/v2\/media?parent=313"}],"curies":[{"name":"wp","href":"https:\/\/api.w.org\/{rel}","templated":true}]}}