{"id":1534,"date":"2025-10-09T14:14:46","date_gmt":"2025-10-09T14:14:46","guid":{"rendered":"https:\/\/curvyplasticsurgery.com\/?page_id=1534"},"modified":"2026-03-09T10:48:29","modified_gmt":"2026-03-09T14:48:29","slug":"doctors","status":"publish","type":"page","link":"https:\/\/curvyplasticsurgery.com\/es\/doctors\/","title":{"rendered":"Doctores"},"content":{"rendered":"<div data-elementor-type=\"wp-page\" data-elementor-id=\"1534\" class=\"elementor elementor-1534\" data-elementor-post-type=\"page\">\n\t\t\t\t<section class=\"elementor-element elementor-element-70140a93 e-flex e-con-boxed e-con e-parent\" data-id=\"70140a93\" data-element_type=\"container\" data-e-type=\"container\" data-settings=\"{&quot;background_background&quot;:&quot;classic&quot;}\">\n\t\t\t\t\t<div class=\"e-con-inner\">\n\t\t<div class=\"elementor-element elementor-element-745a52bc e-con-full e-flex e-con e-child\" data-id=\"745a52bc\" data-element_type=\"container\" data-e-type=\"container\">\n\t\t\t\t<div class=\"elementor-element elementor-element-5c560048 elementor-widget elementor-widget-heading\" data-id=\"5c560048\" data-element_type=\"widget\" data-e-type=\"widget\" data-widget_type=\"heading.default\">\n\t\t\t\t\t<h2 class=\"elementor-heading-title elementor-size-default\">Conozca nuestros m\u00e9dicos<\/h2>\t\t\t\t<\/div>\n\t\t\t\t<div class=\"elementor-element elementor-element-d56d329 elementor-widget elementor-widget-heading\" data-id=\"d56d329\" data-element_type=\"widget\" data-e-type=\"widget\" data-widget_type=\"heading.default\">\n\t\t\t\t\t<h2 class=\"elementor-heading-title elementor-size-default\">Detr\u00e1s de tu transformaci\u00f3n<\/h2>\t\t\t\t<\/div>\n\t\t\t\t<\/div>\n\t\t\t\t<div class=\"elementor-element elementor-element-1ba92bc elementor-widget elementor-widget-text-editor\" data-id=\"1ba92bc\" data-element_type=\"widget\" data-e-type=\"widget\" data-widget_type=\"text-editor.default\">\n\t\t\t\t\t\t\t\t\t<p>En Curvy Plastic Surgery, nuestro equipo de cirujanos altamente capacitados combina a\u00f1os de formaci\u00f3n avanzada, visi\u00f3n art\u00edstica y atenci\u00f3n compasiva. Cada doctor se compromete a brindar una experiencia personalizada, asegurando que cada plan de tratamiento se adapte a sus objetivos y estilo de vida. Desde el contorno corporal y la cirug\u00eda de senos hasta el rejuvenecimiento facial, nuestros especialistas utilizan las t\u00e9cnicas y protocolos de seguridad m\u00e1s modernos para ofrecer resultados elegantes y naturales. Unidos por la pasi\u00f3n por la excelencia, trabajan codo con codo para que su proceso de transformaci\u00f3n sea seguro, gratificante y empoderador.<\/p>\t\t\t\t\t\t\t\t<\/div>\n\t\t\t\t<div class=\"elementor-element elementor-element-884e206 elementor-align-center elementor-widget elementor-widget-button\" data-id=\"884e206\" data-element_type=\"widget\" data-e-type=\"widget\" data-widget_type=\"button.default\">\n\t\t\t\t\t\t\t\t\t\t<a class=\"elementor-button elementor-button-link elementor-size-sm elementor-animation-sink\" href=\"#elementor-action%3Aaction%3Dpopup%3Aopen%26settings%3DeyJpZCI6IjcyNSIsInRvZ2dsZSI6ZmFsc2V9\">\n\t\t\t\t\t\t<span class=\"elementor-button-content-wrapper\">\n\t\t\t\t\t\t\t\t\t<span class=\"elementor-button-text\">Agendar UNA CONSULTA<\/span>\n\t\t\t\t\t<\/span>\n\t\t\t\t\t<\/a>\n\t\t\t\t\t\t\t\t<\/div>\n\t\t\t\t\t<\/div>\n\t\t\t\t<\/section>\n\t\t<section class=\"elementor-element elementor-element-3a41b7f e-flex e-con-boxed e-con e-parent\" data-id=\"3a41b7f\" data-element_type=\"container\" data-e-type=\"container\" data-settings=\"{&quot;background_background&quot;:&quot;classic&quot;}\">\n\t\t\t\t\t<div class=\"e-con-inner\">\n\t\t<div class=\"elementor-element elementor-element-56e5fc98 e-con-full e-flex e-con e-child\" data-id=\"56e5fc98\" data-element_type=\"container\" data-e-type=\"container\">\n\t\t\t\t<div class=\"elementor-element elementor-element-20e25bdd elementor-widget elementor-widget-image\" data-id=\"20e25bdd\" data-element_type=\"widget\" data-e-type=\"widget\" data-widget_type=\"image.default\">\n\t\t\t\t\t\t\t\t\t\t\t\t\t\t\t<img fetchpriority=\"high\" decoding=\"async\" width=\"768\" height=\"1153\" src=\"https:\/\/curvyplasticsurgery.com\/wp-content\/uploads\/2026\/02\/WhatsApp-Image-2026-02-27-at-10.28.06-AM-768x1153.jpeg\" class=\"attachment-medium_large size-medium_large wp-image-4156\" alt=\"Dr. Stephanie A. Stover\u200b\" srcset=\"https:\/\/curvyplasticsurgery.com\/wp-content\/uploads\/2026\/02\/WhatsApp-Image-2026-02-27-at-10.28.06-AM-768x1153.jpeg 768w, https:\/\/curvyplasticsurgery.com\/wp-content\/uploads\/2026\/02\/WhatsApp-Image-2026-02-27-at-10.28.06-AM-200x300.jpeg 200w, https:\/\/curvyplasticsurgery.com\/wp-content\/uploads\/2026\/02\/WhatsApp-Image-2026-02-27-at-10.28.06-AM-682x1024.jpeg 682w, https:\/\/curvyplasticsurgery.com\/wp-content\/uploads\/2026\/02\/WhatsApp-Image-2026-02-27-at-10.28.06-AM-1023x1536.jpeg 1023w, https:\/\/curvyplasticsurgery.com\/wp-content\/uploads\/2026\/02\/WhatsApp-Image-2026-02-27-at-10.28.06-AM-8x12.jpeg 8w, https:\/\/curvyplasticsurgery.com\/wp-content\/uploads\/2026\/02\/WhatsApp-Image-2026-02-27-at-10.28.06-AM.jpeg 1066w\" sizes=\"(max-width: 768px) 100vw, 768px\" \/>\t\t\t\t\t\t\t\t\t\t\t\t\t\t\t<\/div>\n\t\t\t\t<div class=\"elementor-element elementor-element-13c072c0 elementor-widget elementor-widget-heading\" data-id=\"13c072c0\" data-element_type=\"widget\" data-e-type=\"widget\" data-widget_type=\"heading.default\">\n\t\t\t\t\t<h2 class=\"elementor-heading-title elementor-size-default\">Dr. Stephanie A. Stover<\/h2>\t\t\t\t<\/div>\n\t\t\t\t<div class=\"elementor-element elementor-element-3d983e2 elementor-widget elementor-widget-heading\" data-id=\"3d983e2\" data-element_type=\"widget\" data-e-type=\"widget\" data-widget_type=\"heading.default\">\n\t\t\t\t\t<h2 class=\"elementor-heading-title elementor-size-default\">Cirujano pl\u00e1stico certificado<\/h2>\t\t\t\t<\/div>\n\t\t\t\t<div class=\"elementor-element elementor-element-147a88cf elementor-widget elementor-widget-text-editor\" data-id=\"147a88cf\" data-element_type=\"widget\" data-e-type=\"widget\" data-widget_type=\"text-editor.default\">\n\t\t\t\t\t\t\t\t\t<p>Dr. Stephanie Stover is a highly respected, board-certified plastic and reconstructive surgeon with more than 25 years of experience helping patients achieve their aesthetic goals with safety, artistry, and precision. Trained at the University of Florida College of Medicine and Mount Sinai Medical Center in Miami, she has built a reputation as one of South Florida\u2019s top plastic surgeons. Fluent in English and Spanish, Dr. Stover is known for her warm bedside manner, personalized care, and dedication to excellence. Her expertise covers a wide range of procedures, including body contouring, breast enhancement, facial rejuvenation, and advanced non-surgical treatments. Recognized among America\u2019s Top Plastic Surgeons and the 100 Best Cosmetic Surgeons Worldwide, she combines medical excellence with an artistic touch to deliver natural, beautiful results. Patients consistently praise Dr. Stover for her compassionate approach, attention to detail, and commitment to their safety and satisfaction.<\/p>\t\t\t\t\t\t\t\t<\/div>\n\t\t\t\t<\/div>\n\t\t<div class=\"elementor-element elementor-element-9d5cee1 e-con-full e-flex e-con e-child\" data-id=\"9d5cee1\" data-element_type=\"container\" data-e-type=\"container\">\n\t\t\t\t<div class=\"elementor-element elementor-element-9920b71 elementor-widget elementor-widget-image\" data-id=\"9920b71\" data-element_type=\"widget\" data-e-type=\"widget\" data-widget_type=\"image.default\">\n\t\t\t\t\t\t\t\t\t\t\t\t\t\t\t<img decoding=\"async\" width=\"768\" height=\"1075\" src=\"https:\/\/curvyplasticsurgery.com\/wp-content\/uploads\/2025\/10\/Dr_John_Nees_MD_opt-768x1075.jpg\" class=\"attachment-medium_large size-medium_large wp-image-1724\" alt=\"\" srcset=\"https:\/\/curvyplasticsurgery.com\/wp-content\/uploads\/2025\/10\/Dr_John_Nees_MD_opt-768x1075.jpg 768w, https:\/\/curvyplasticsurgery.com\/wp-content\/uploads\/2025\/10\/Dr_John_Nees_MD_opt-214x300.jpg 214w, https:\/\/curvyplasticsurgery.com\/wp-content\/uploads\/2025\/10\/Dr_John_Nees_MD_opt-732x1024.jpg 732w, https:\/\/curvyplasticsurgery.com\/wp-content\/uploads\/2025\/10\/Dr_John_Nees_MD_opt.jpg 1072w\" sizes=\"(max-width: 768px) 100vw, 768px\" \/>\t\t\t\t\t\t\t\t\t\t\t\t\t\t\t<\/div>\n\t\t\t\t<div class=\"elementor-element elementor-element-d9254bb elementor-widget elementor-widget-heading\" data-id=\"d9254bb\" data-element_type=\"widget\" data-e-type=\"widget\" data-widget_type=\"heading.default\">\n\t\t\t\t\t<h2 class=\"elementor-heading-title elementor-size-default\">Dr. John Nees,&nbsp;MD<\/h2>\t\t\t\t<\/div>\n\t\t\t\t<div class=\"elementor-element elementor-element-7eec0e7 elementor-widget elementor-widget-heading\" data-id=\"7eec0e7\" data-element_type=\"widget\" data-e-type=\"widget\" data-widget_type=\"heading.default\">\n\t\t\t\t\t<h2 class=\"elementor-heading-title elementor-size-default\">Cirujano pl\u00e1stico certificado<\/h2>\t\t\t\t<\/div>\n\t\t\t\t<div class=\"elementor-element elementor-element-f0df1aa elementor-widget elementor-widget-text-editor\" data-id=\"f0df1aa\" data-element_type=\"widget\" data-e-type=\"widget\" data-widget_type=\"text-editor.default\">\n\t\t\t\t\t\t\t\t\t<p>El Dr. Nees es cirujano pl\u00e1stico est\u00e9tico certificado con m\u00e1s de cuatro d\u00e9cadas de experiencia ayudando a sus pacientes a lograr una apariencia y sensaci\u00f3n incre\u00edbles. Ofrece procedimientos avanzados, como estiramientos faciales, liposucci\u00f3n, transferencias de grasa y aumento de senos.<\/p><p>El Dr. Nees se dedica a brindar atenci\u00f3n altamente personalizada y centrada en el paciente para garantizar su satisfacci\u00f3n con su apariencia mejorada.<\/p>\t\t\t\t\t\t\t\t<\/div>\n\t\t\t\t<\/div>\n\t\t\t\t\t<\/div>\n\t\t\t\t<\/section>\n\t\t<section class=\"elementor-element elementor-element-6662a187 e-flex e-con-boxed e-con e-parent\" data-id=\"6662a187\" data-element_type=\"container\" data-e-type=\"container\" data-settings=\"{&quot;background_background&quot;:&quot;classic&quot;}\">\n\t\t\t\t\t<div class=\"e-con-inner\">\n\t\t<div class=\"elementor-element elementor-element-4460b47c e-con-full e-flex e-con e-child\" data-id=\"4460b47c\" data-element_type=\"container\" data-e-type=\"container\">\n\t\t\t\t<div class=\"elementor-element elementor-element-802e739 elementor-widget elementor-widget-heading\" data-id=\"802e739\" data-element_type=\"widget\" data-e-type=\"widget\" data-widget_type=\"heading.default\">\n\t\t\t\t\t<h2 class=\"elementor-heading-title elementor-size-default\">CUERPO<\/h2>\t\t\t\t<\/div>\n\t\t\t\t<div class=\"elementor-element elementor-element-66e9083 elementor-widget elementor-widget-image\" data-id=\"66e9083\" data-element_type=\"widget\" data-e-type=\"widget\" data-widget_type=\"image.default\">\n\t\t\t\t\t\t\t\t\t\t\t\t\t\t\t<img decoding=\"async\" width=\"768\" height=\"1076\" src=\"https:\/\/curvyplasticsurgery.com\/wp-content\/uploads\/2025\/10\/bbl_image_04-768x1076.png\" class=\"attachment-medium_large size-medium_large wp-image-1701\" alt=\"BRAZILIAN BUTT LIFT (BBL)\" srcset=\"https:\/\/curvyplasticsurgery.com\/wp-content\/uploads\/2025\/10\/bbl_image_04-768x1076.png 768w, https:\/\/curvyplasticsurgery.com\/wp-content\/uploads\/2025\/10\/bbl_image_04-214x300.png 214w, https:\/\/curvyplasticsurgery.com\/wp-content\/uploads\/2025\/10\/bbl_image_04-731x1024.png 731w, https:\/\/curvyplasticsurgery.com\/wp-content\/uploads\/2025\/10\/bbl_image_04.png 1071w\" sizes=\"(max-width: 768px) 100vw, 768px\" \/>\t\t\t\t\t\t\t\t\t\t\t\t\t\t\t<\/div>\n\t\t\t\t<\/div>\n\t\t<div class=\"elementor-element elementor-element-7dc5be6 e-con-full e-flex e-con e-child\" data-id=\"7dc5be6\" data-element_type=\"container\" data-e-type=\"container\">\n\t\t\t\t<div class=\"elementor-element elementor-element-42ffae3 elementor-widget elementor-widget-heading\" data-id=\"42ffae3\" data-element_type=\"widget\" data-e-type=\"widget\" data-widget_type=\"heading.default\">\n\t\t\t\t\t<h2 class=\"elementor-heading-title elementor-size-default\">SENOS<\/h2>\t\t\t\t<\/div>\n\t\t\t\t<div class=\"elementor-element elementor-element-4f9ad0f elementor-widget elementor-widget-image\" data-id=\"4f9ad0f\" data-element_type=\"widget\" data-e-type=\"widget\" data-widget_type=\"image.default\">\n\t\t\t\t\t\t\t\t\t\t\t\t\t\t\t<img loading=\"lazy\" decoding=\"async\" width=\"768\" height=\"1076\" src=\"https:\/\/curvyplasticsurgery.com\/wp-content\/uploads\/2025\/10\/ba_imagem_02-768x1076.jpg\" class=\"attachment-medium_large size-medium_large wp-image-1687\" alt=\"\" srcset=\"https:\/\/curvyplasticsurgery.com\/wp-content\/uploads\/2025\/10\/ba_imagem_02-768x1076.jpg 768w, https:\/\/curvyplasticsurgery.com\/wp-content\/uploads\/2025\/10\/ba_imagem_02-214x300.jpg 214w, https:\/\/curvyplasticsurgery.com\/wp-content\/uploads\/2025\/10\/ba_imagem_02-731x1024.jpg 731w, https:\/\/curvyplasticsurgery.com\/wp-content\/uploads\/2025\/10\/ba_imagem_02.jpg 1071w\" sizes=\"(max-width: 768px) 100vw, 768px\" \/>\t\t\t\t\t\t\t\t\t\t\t\t\t\t\t<\/div>\n\t\t\t\t<\/div>\n\t\t<div class=\"elementor-element elementor-element-204c2b3 e-con-full e-flex e-con e-child\" data-id=\"204c2b3\" data-element_type=\"container\" data-e-type=\"container\">\n\t\t\t\t<div class=\"elementor-element elementor-element-fb8eaee elementor-widget elementor-widget-heading\" data-id=\"fb8eaee\" data-element_type=\"widget\" data-e-type=\"widget\" data-widget_type=\"heading.default\">\n\t\t\t\t\t<h2 class=\"elementor-heading-title elementor-size-default\">ROSTRO<\/h2>\t\t\t\t<\/div>\n\t\t\t\t<div class=\"elementor-element elementor-element-06adef2 elementor-widget elementor-widget-image\" data-id=\"06adef2\" data-element_type=\"widget\" data-e-type=\"widget\" data-widget_type=\"image.default\">\n\t\t\t\t\t\t\t\t\t\t\t\t\t\t\t<img loading=\"lazy\" decoding=\"async\" width=\"768\" height=\"1075\" src=\"https:\/\/curvyplasticsurgery.com\/wp-content\/uploads\/2025\/10\/rhinoplasty_image_02-768x1075.jpg\" class=\"attachment-medium_large size-medium_large wp-image-1216\" alt=\"\" srcset=\"https:\/\/curvyplasticsurgery.com\/wp-content\/uploads\/2025\/10\/rhinoplasty_image_02-768x1075.jpg 768w, https:\/\/curvyplasticsurgery.com\/wp-content\/uploads\/2025\/10\/rhinoplasty_image_02-214x300.jpg 214w, https:\/\/curvyplasticsurgery.com\/wp-content\/uploads\/2025\/10\/rhinoplasty_image_02-732x1024.jpg 732w, https:\/\/curvyplasticsurgery.com\/wp-content\/uploads\/2025\/10\/rhinoplasty_image_02.jpg 1072w\" sizes=\"(max-width: 768px) 100vw, 768px\" \/>\t\t\t\t\t\t\t\t\t\t\t\t\t\t\t<\/div>\n\t\t\t\t<\/div>\n\t\t\t\t\t<\/div>\n\t\t\t\t<\/section>\n\t\t<section class=\"elementor-element elementor-element-bb6f7bc e-flex e-con-boxed e-con e-parent\" data-id=\"bb6f7bc\" data-element_type=\"container\" data-e-type=\"container\" data-settings=\"{&quot;background_background&quot;:&quot;classic&quot;}\">\n\t\t\t\t\t<div class=\"e-con-inner\">\n\t\t<div class=\"elementor-element elementor-element-fd822f5 e-con-full e-flex e-con e-child\" data-id=\"fd822f5\" data-element_type=\"container\" data-e-type=\"container\">\n\t\t\t\t<div class=\"elementor-element elementor-element-07876c8 elementor-align-center elementor-widget elementor-widget-button\" data-id=\"07876c8\" data-element_type=\"widget\" data-e-type=\"widget\" data-widget_type=\"button.default\">\n\t\t\t\t\t\t\t\t\t\t<a class=\"elementor-button elementor-button-link elementor-size-sm elementor-animation-sink\" href=\"#elementor-action%3Aaction%3Dpopup%3Aopen%26settings%3DeyJpZCI6IjcyNSIsInRvZ2dsZSI6ZmFsc2V9\">\n\t\t\t\t\t\t<span class=\"elementor-button-content-wrapper\">\n\t\t\t\t\t\t\t\t\t<span class=\"elementor-button-text\">Agendar UNA CONSULTA<\/span>\n\t\t\t\t\t<\/span>\n\t\t\t\t\t<\/a>\n\t\t\t\t\t\t\t\t<\/div>\n\t\t\t\t<\/div>\n\t\t\t\t\t<\/div>\n\t\t\t\t<\/section>\n\t\t\t\t<\/div>","protected":false},"excerpt":{"rendered":"<p>meet our doctors Behind Your Transformation At Curvy Plastic Surgery, our team of highly skilled surgeons brings together years of advanced training, artistic vision, and compassionate care. Each doctor is committed to providing a personalized experience, ensuring every treatment plan is designed around your goals and lifestyle. From body contouring and breast surgery to facial [&hellip;]<\/p>\n","protected":false},"author":1,"featured_media":0,"parent":0,"menu_order":0,"comment_status":"closed","ping_status":"closed","template":"elementor_header_footer","meta":{"footnotes":""},"class_list":["post-1534","page","type-page","status-publish","hentry"],"aioseo_notices":[],"_links":{"self":[{"href":"https:\/\/curvyplasticsurgery.com\/es\/wp-json\/wp\/v2\/pages\/1534","targetHints":{"allow":["GET"]}}],"collection":[{"href":"https:\/\/curvyplasticsurgery.com\/es\/wp-json\/wp\/v2\/pages"}],"about":[{"href":"https:\/\/curvyplasticsurgery.com\/es\/wp-json\/wp\/v2\/types\/page"}],"author":[{"embeddable":true,"href":"https:\/\/curvyplasticsurgery.com\/es\/wp-json\/wp\/v2\/users\/1"}],"replies":[{"embeddable":true,"href":"https:\/\/curvyplasticsurgery.com\/es\/wp-json\/wp\/v2\/comments?post=1534"}],"version-history":[{"count":124,"href":"https:\/\/curvyplasticsurgery.com\/es\/wp-json\/wp\/v2\/pages\/1534\/revisions"}],"predecessor-version":[{"id":4173,"href":"https:\/\/curvyplasticsurgery.com\/es\/wp-json\/wp\/v2\/pages\/1534\/revisions\/4173"}],"wp:attachment":[{"href":"https:\/\/curvyplasticsurgery.com\/es\/wp-json\/wp\/v2\/media?parent=1534"}],"curies":[{"name":"wp","href":"https:\/\/api.w.org\/{rel}","templated":true}]}}