{"id":1427,"date":"2025-10-09T13:15:51","date_gmt":"2025-10-09T13:15:51","guid":{"rendered":"https:\/\/curvyplasticsurgery.com\/?page_id=1427"},"modified":"2026-04-20T15:02:59","modified_gmt":"2026-04-20T19:02:59","slug":"about-us","status":"publish","type":"page","link":"https:\/\/curvyplasticsurgery.com\/es\/about-us\/","title":{"rendered":"Sobre Nosotros"},"content":{"rendered":"<div data-elementor-type=\"wp-page\" data-elementor-id=\"1427\" class=\"elementor elementor-1427\" data-elementor-post-type=\"page\">\n\t\t\t\t<section class=\"elementor-element elementor-element-35747138 e-flex e-con-boxed e-con e-parent\" data-id=\"35747138\" data-element_type=\"container\" data-e-type=\"container\" data-settings=\"{&quot;background_background&quot;:&quot;classic&quot;}\">\n\t\t\t\t\t<div class=\"e-con-inner\">\n\t\t<div class=\"elementor-element elementor-element-6e27026f e-con-full e-flex e-con e-child\" data-id=\"6e27026f\" data-element_type=\"container\" data-e-type=\"container\">\n\t\t\t\t<div class=\"elementor-element elementor-element-53132377 elementor-widget elementor-widget-heading\" data-id=\"53132377\" data-element_type=\"widget\" data-e-type=\"widget\" data-widget_type=\"heading.default\">\n\t\t\t\t\t<h2 class=\"elementor-heading-title elementor-size-default\">lujo e innovaci\u00f3n<\/h2>\t\t\t\t<\/div>\n\t\t\t\t<div class=\"elementor-element elementor-element-7bfc5e90 elementor-widget elementor-widget-heading\" data-id=\"7bfc5e90\" data-element_type=\"widget\" data-e-type=\"widget\" data-widget_type=\"heading.default\">\n\t\t\t\t\t<h2 class=\"elementor-heading-title elementor-size-default\">nuestra cl\u00ednica<\/h2>\t\t\t\t<\/div>\n\t\t\t\t<\/div>\n\t\t\t\t<div class=\"elementor-element elementor-element-3cb103b2 elementor-widget elementor-widget-button\" data-id=\"3cb103b2\" data-element_type=\"widget\" data-e-type=\"widget\" data-widget_type=\"button.default\">\n\t\t\t\t\t\t\t\t\t\t<a class=\"elementor-button elementor-button-link elementor-size-sm elementor-animation-sink\" href=\"#elementor-action%3Aaction%3Dpopup%3Aopen%26settings%3DeyJpZCI6IjcyNSIsInRvZ2dsZSI6ZmFsc2V9\">\n\t\t\t\t\t\t<span class=\"elementor-button-content-wrapper\">\n\t\t\t\t\t\t\t\t\t<span class=\"elementor-button-text\">Agendar UNA CONSULTA<\/span>\n\t\t\t\t\t<\/span>\n\t\t\t\t\t<\/a>\n\t\t\t\t\t\t\t\t<\/div>\n\t\t\t\t<div class=\"elementor-element elementor-element-ae9a703 elementor-widget elementor-widget-image\" data-id=\"ae9a703\" data-element_type=\"widget\" data-e-type=\"widget\" data-widget_type=\"image.default\">\n\t\t\t\t\t\t\t\t\t\t\t\t\t\t\t<img fetchpriority=\"high\" decoding=\"async\" width=\"800\" height=\"382\" src=\"https:\/\/curvyplasticsurgery.com\/wp-content\/uploads\/2025\/10\/main-logo-cps-1024x489.png\" class=\"attachment-large size-large wp-image-16\" alt=\"Main logo icon\" srcset=\"https:\/\/curvyplasticsurgery.com\/wp-content\/uploads\/2025\/10\/main-logo-cps-1024x489.png 1024w, https:\/\/curvyplasticsurgery.com\/wp-content\/uploads\/2025\/10\/main-logo-cps-300x143.png 300w, https:\/\/curvyplasticsurgery.com\/wp-content\/uploads\/2025\/10\/main-logo-cps-768x367.png 768w, https:\/\/curvyplasticsurgery.com\/wp-content\/uploads\/2025\/10\/main-logo-cps-1536x734.png 1536w, https:\/\/curvyplasticsurgery.com\/wp-content\/uploads\/2025\/10\/main-logo-cps-2048x978.png 2048w\" sizes=\"(max-width: 800px) 100vw, 800px\" \/>\t\t\t\t\t\t\t\t\t\t\t\t\t\t\t<\/div>\n\t\t\t\t\t<\/div>\n\t\t\t\t<\/section>\n\t\t<section class=\"elementor-element elementor-element-30c8118 e-flex e-con-boxed e-con e-parent\" data-id=\"30c8118\" data-element_type=\"container\" data-e-type=\"container\" data-settings=\"{&quot;background_background&quot;:&quot;classic&quot;}\">\n\t\t\t\t\t<div class=\"e-con-inner\">\n\t\t\t\t<div class=\"elementor-element elementor-element-357e2ffc elementor-widget elementor-widget-text-editor\" data-id=\"357e2ffc\" data-element_type=\"widget\" data-e-type=\"widget\" data-widget_type=\"text-editor.default\">\n\t\t\t\t\t\t\t\t\t<p>En Curvy Plastic Surgery, nos enorgullecemos de ofrecer un enfoque refinado y centrado en el paciente para los procedimientos m\u00e1s deseados de la medicina est\u00e9tica moderna. Nuestra filosof\u00eda se centra en la convicci\u00f3n de que la verdadera excelencia reside en el equilibrio entre la innovaci\u00f3n de vanguardia y la calidez de la atenci\u00f3n personalizada. Desde su llegada, nuestra misi\u00f3n es brindar una experiencia donde la medicina avanzada se fusiona con la compasi\u00f3n, asegur\u00e1ndonos de que se sienta apoyado, comprendido y seguro en su camino. Nuestro reconocido equipo quir\u00fargico se encuentra a la vanguardia de la cirug\u00eda pl\u00e1stica y reconstructiva, reconocido por su maestr\u00eda, seguridad y resultados transformadores. Con d\u00e9cadas de experiencia combinada, nuestros cirujanos son reconocidos no solo por su precisi\u00f3n y habilidad t\u00e9cnica, sino tambi\u00e9n por su talento y capacidad para crear resultados naturales y atemporales. Al dedicar nuestra pr\u00e1ctica exclusivamente a los procedimientos m\u00e1s impactantes y transformadores, hemos perfeccionado un enfoque altamente especializado que ofrece constantemente resultados excepcionales. Ya sea para mejorar sus rasgos, recuperar la confianza en s\u00ed mismo o hacer realidad una visi\u00f3n a largo plazo, cada procedimiento se aborda con meticuloso detalle, cuidado y un compromiso inquebrantable con la seguridad. En Curvy Plastic Surgery, reconocemos que su cuerpo, su confianza y su bienestar son invaluables. Confiar su atenci\u00f3n en nosotros significa ponerse en manos de un equipo que combina ciencia, arte y compasi\u00f3n, dedicado a lograr resultados que no solo cumplan, sino que superen sus expectativas.<\/p>\t\t\t\t\t\t\t\t<\/div>\n\t\t\t\t\t<\/div>\n\t\t\t\t<\/section>\n\t\t<section class=\"elementor-element elementor-element-4d393025 e-flex e-con-boxed e-con e-parent\" data-id=\"4d393025\" data-element_type=\"container\" data-e-type=\"container\" data-settings=\"{&quot;background_background&quot;:&quot;classic&quot;}\">\n\t\t\t\t\t<div class=\"e-con-inner\">\n\t\t<div class=\"elementor-element elementor-element-42f7bb9d e-con-full e-flex e-con e-child\" data-id=\"42f7bb9d\" data-element_type=\"container\" data-e-type=\"container\">\n\t\t\t\t<div class=\"elementor-element elementor-element-34221e7a elementor-widget elementor-widget-image\" data-id=\"34221e7a\" data-element_type=\"widget\" data-e-type=\"widget\" data-widget_type=\"image.default\">\n\t\t\t\t\t\t\t\t\t\t\t\t\t\t\t<img decoding=\"async\" width=\"768\" height=\"1076\" src=\"https:\/\/curvyplasticsurgery.com\/wp-content\/uploads\/2025\/10\/bbl_image_04-768x1076.png\" class=\"attachment-medium_large size-medium_large wp-image-1701\" alt=\"BRAZILIAN BUTT LIFT (BBL)\" srcset=\"https:\/\/curvyplasticsurgery.com\/wp-content\/uploads\/2025\/10\/bbl_image_04-768x1076.png 768w, https:\/\/curvyplasticsurgery.com\/wp-content\/uploads\/2025\/10\/bbl_image_04-214x300.png 214w, https:\/\/curvyplasticsurgery.com\/wp-content\/uploads\/2025\/10\/bbl_image_04-731x1024.png 731w, https:\/\/curvyplasticsurgery.com\/wp-content\/uploads\/2025\/10\/bbl_image_04.png 1071w\" sizes=\"(max-width: 768px) 100vw, 768px\" \/>\t\t\t\t\t\t\t\t\t\t\t\t\t\t\t<\/div>\n\t\t\t\t<\/div>\n\t\t<div class=\"elementor-element elementor-element-514b33e e-con-full e-flex e-con e-child\" data-id=\"514b33e\" data-element_type=\"container\" data-e-type=\"container\">\n\t\t\t\t<div class=\"elementor-element elementor-element-e9a6fb6 elementor-widget elementor-widget-image\" data-id=\"e9a6fb6\" data-element_type=\"widget\" data-e-type=\"widget\" data-widget_type=\"image.default\">\n\t\t\t\t\t\t\t\t\t\t\t\t\t\t\t<img decoding=\"async\" width=\"768\" height=\"1076\" src=\"https:\/\/curvyplasticsurgery.com\/wp-content\/uploads\/2025\/10\/ba_imagem_02-768x1076.jpg\" class=\"attachment-medium_large size-medium_large wp-image-1687\" alt=\"\" srcset=\"https:\/\/curvyplasticsurgery.com\/wp-content\/uploads\/2025\/10\/ba_imagem_02-768x1076.jpg 768w, https:\/\/curvyplasticsurgery.com\/wp-content\/uploads\/2025\/10\/ba_imagem_02-214x300.jpg 214w, https:\/\/curvyplasticsurgery.com\/wp-content\/uploads\/2025\/10\/ba_imagem_02-731x1024.jpg 731w, https:\/\/curvyplasticsurgery.com\/wp-content\/uploads\/2025\/10\/ba_imagem_02.jpg 1071w\" sizes=\"(max-width: 768px) 100vw, 768px\" \/>\t\t\t\t\t\t\t\t\t\t\t\t\t\t\t<\/div>\n\t\t\t\t<\/div>\n\t\t\t\t\t<\/div>\n\t\t\t\t<\/section>\n\t\t<section class=\"elementor-element elementor-element-3693dac9 e-flex e-con-boxed e-con e-parent\" data-id=\"3693dac9\" data-element_type=\"container\" data-e-type=\"container\" data-settings=\"{&quot;background_background&quot;:&quot;classic&quot;}\">\n\t\t\t\t\t<div class=\"e-con-inner\">\n\t\t<div class=\"elementor-element elementor-element-35fbe860 e-con-full e-flex e-con e-child\" data-id=\"35fbe860\" data-element_type=\"container\" data-e-type=\"container\">\n\t\t\t\t<div class=\"elementor-element elementor-element-6aef7d4c elementor-widget elementor-widget-heading\" data-id=\"6aef7d4c\" data-element_type=\"widget\" data-e-type=\"widget\" data-widget_type=\"heading.default\">\n\t\t\t\t\t<h2 class=\"elementor-heading-title elementor-size-default\">Levantamiento de Senos<\/h2>\t\t\t\t<\/div>\n\t\t\t\t<div class=\"elementor-element elementor-element-6d734f61 elementor-widget elementor-widget-text-editor\" data-id=\"6d734f61\" data-element_type=\"widget\" data-e-type=\"widget\" data-widget_type=\"text-editor.default\">\n\t\t\t\t\t\t\t\t\t<p>Combinar el aumento de senos con un levantamiento de senos es una potente combinaci\u00f3n para el aumento de senos. No solo aumenta el volumen mamario, sino que tambi\u00e9n corrige la flacidez y mejora la forma general. Es una excelente cirug\u00eda de senos para las mam\u00e1s de Miami que notan grandes cambios en sus senos debido al embarazo y la lactancia.<\/p>\t\t\t\t\t\t\t\t<\/div>\n\t\t\t\t<\/div>\n\t\t<div class=\"elementor-element elementor-element-ab24218 e-con-full e-flex e-con e-child\" data-id=\"ab24218\" data-element_type=\"container\" data-e-type=\"container\">\n\t\t\t\t<div class=\"elementor-element elementor-element-838f959 elementor-widget elementor-widget-heading\" data-id=\"838f959\" data-element_type=\"widget\" data-e-type=\"widget\" data-widget_type=\"heading.default\">\n\t\t\t\t\t<h2 class=\"elementor-heading-title elementor-size-default\">Abdominoplastia o Liposucci\u00f3n<\/h2>\t\t\t\t<\/div>\n\t\t\t\t<div class=\"elementor-element elementor-element-4c9304c elementor-widget elementor-widget-text-editor\" data-id=\"4c9304c\" data-element_type=\"widget\" data-e-type=\"widget\" data-widget_type=\"text-editor.default\">\n\t\t\t\t\t\t\t\t\t<p>Para una transformaci\u00f3n corporal completa, considere combinar un aumento de senos con una abdominoplastia o liposucci\u00f3n. Conocida como \"cambio de imagen para mam\u00e1s\", esta combinaci\u00f3n combate la grasa persistente y la piel fl\u00e1cida del abdomen, los flancos y otras zonas, brind\u00e1ndole un f\u00edsico esculpido y rejuvenecido.<\/p>\t\t\t\t\t\t\t\t<\/div>\n\t\t\t\t<\/div>\n\t\t<div class=\"elementor-element elementor-element-bd9d514 e-con-full e-flex e-con e-child\" data-id=\"bd9d514\" data-element_type=\"container\" data-e-type=\"container\">\n\t\t\t\t<div class=\"elementor-element elementor-element-9e5a37d elementor-widget elementor-widget-heading\" data-id=\"9e5a37d\" data-element_type=\"widget\" data-e-type=\"widget\" data-widget_type=\"heading.default\">\n\t\t\t\t\t<h2 class=\"elementor-heading-title elementor-size-default\">Transferencia de Grasa<\/h2>\t\t\t\t<\/div>\n\t\t\t\t<div class=\"elementor-element elementor-element-a4b8a10 elementor-widget elementor-widget-text-editor\" data-id=\"a4b8a10\" data-element_type=\"widget\" data-e-type=\"widget\" data-widget_type=\"text-editor.default\">\n\t\t\t\t\t\t\t\t\t<p>\u00bfQuieres lograr esa codiciada figura de reloj de arena? \u00a1Los implantes mamarios combinados con injertos de grasa podr\u00edan darte el cuerpo de tus sue\u00f1os! El injerto de grasa, o transferencia de grasa, consiste en extraer grasa de una zona del cuerpo (como los muslos o el abdomen) e inyectarla en los gl\u00fateos o las caderas.<\/p>\t\t\t\t\t\t\t\t<\/div>\n\t\t\t\t<\/div>\n\t\t\t\t<div class=\"elementor-element elementor-element-ec1c6c4 elementor-widget elementor-widget-button\" data-id=\"ec1c6c4\" data-element_type=\"widget\" data-e-type=\"widget\" data-widget_type=\"button.default\">\n\t\t\t\t\t\t\t\t\t\t<a class=\"elementor-button elementor-button-link elementor-size-sm elementor-animation-sink\" href=\"#elementor-action%3Aaction%3Dpopup%3Aopen%26settings%3DeyJpZCI6IjcyNSIsInRvZ2dsZSI6ZmFsc2V9\">\n\t\t\t\t\t\t<span class=\"elementor-button-content-wrapper\">\n\t\t\t\t\t\t\t\t\t<span class=\"elementor-button-text\">Agendar UNA CONSULTA<\/span>\n\t\t\t\t\t<\/span>\n\t\t\t\t\t<\/a>\n\t\t\t\t\t\t\t\t<\/div>\n\t\t\t\t\t<\/div>\n\t\t\t\t<\/section>\n\t\t<section class=\"elementor-element elementor-element-c7d2775 e-flex e-con-boxed e-con e-parent\" data-id=\"c7d2775\" data-element_type=\"container\" data-e-type=\"container\" data-settings=\"{&quot;background_background&quot;:&quot;classic&quot;}\">\n\t\t\t\t\t<div class=\"e-con-inner\">\n\t\t<div class=\"elementor-element elementor-element-021f6c4 e-con-full e-flex e-con e-child\" data-id=\"021f6c4\" data-element_type=\"container\" data-e-type=\"container\">\n\t\t\t\t<div class=\"elementor-element elementor-element-024e0d8 elementor-widget elementor-widget-image\" data-id=\"024e0d8\" data-element_type=\"widget\" data-e-type=\"widget\" data-widget_type=\"image.default\">\n\t\t\t\t\t\t\t\t\t\t\t\t\t\t\t<img loading=\"lazy\" decoding=\"async\" width=\"561\" height=\"1500\" src=\"https:\/\/curvyplasticsurgery.com\/wp-content\/uploads\/2025\/10\/phone.png\" class=\"attachment-medium_large size-medium_large wp-image-609\" alt=\"\" srcset=\"https:\/\/curvyplasticsurgery.com\/wp-content\/uploads\/2025\/10\/phone.png 561w, https:\/\/curvyplasticsurgery.com\/wp-content\/uploads\/2025\/10\/phone-112x300.png 112w, https:\/\/curvyplasticsurgery.com\/wp-content\/uploads\/2025\/10\/phone-383x1024.png 383w\" sizes=\"(max-width: 561px) 100vw, 561px\" \/>\t\t\t\t\t\t\t\t\t\t\t\t\t\t\t<\/div>\n\t\t\t\t<\/div>\n\t\t<div class=\"elementor-element elementor-element-4c04c29 e-con-full e-flex e-con e-child\" data-id=\"4c04c29\" data-element_type=\"container\" data-e-type=\"container\">\n\t\t\t\t<div class=\"elementor-element elementor-element-ce2d2f0 elementor-widget elementor-widget-heading\" data-id=\"ce2d2f0\" data-element_type=\"widget\" data-e-type=\"widget\" data-widget_type=\"heading.default\">\n\t\t\t\t\t<h2 class=\"elementor-heading-title elementor-size-default\">MANT\u00c9NGASE CONECTADO<\/h2>\t\t\t\t<\/div>\n\t\t\t\t<div class=\"elementor-element elementor-element-e6ac42c elementor-widget elementor-widget-heading\" data-id=\"e6ac42c\" data-element_type=\"widget\" data-e-type=\"widget\" data-widget_type=\"heading.default\">\n\t\t\t\t\t<h2 class=\"elementor-heading-title elementor-size-default\">EN LAS REDES SOCIALES<\/h2>\t\t\t\t<\/div>\n\t\t\t\t<div class=\"elementor-element elementor-element-6d99f48 elementor-widget elementor-widget-text-editor\" data-id=\"6d99f48\" data-element_type=\"widget\" data-e-type=\"widget\" data-widget_type=\"text-editor.default\">\n\t\t\t\t\t\t\t\t\t<p>Mant\u00e9ngase conectado con Curvy Plastic Surgery m\u00e1s all\u00e1 de la consulta. Al seguirnos en redes sociales, tendr\u00e1 acceso exclusivo a transformaciones del antes y el despu\u00e9s, contenido tras bambalinas, consejos de recuperaci\u00f3n, historias de pacientes y las \u00faltimas novedades sobre nuestros servicios. Es la manera perfecta de mantenerse inspirado, informado y conectado con una comunidad que celebra la belleza y la confianza a diario.<\/p>\t\t\t\t\t\t\t\t<\/div>\n\t\t\t\t<div class=\"elementor-element elementor-element-d0075eb elementor-shape-circle e-grid-align-mobile-center e-grid-align-tablet-center elementor-grid-0 e-grid-align-center elementor-widget elementor-widget-social-icons\" data-id=\"d0075eb\" data-element_type=\"widget\" data-e-type=\"widget\" data-widget_type=\"social-icons.default\">\n\t\t\t\t\t\t\t<div class=\"elementor-social-icons-wrapper elementor-grid\" role=\"list\">\n\t\t\t\t\t\t\t<span class=\"elementor-grid-item\" role=\"listitem\">\n\t\t\t\t\t<a class=\"elementor-icon elementor-social-icon elementor-social-icon-instagram elementor-repeater-item-c014d31\" href=\"https:\/\/www.instagram.com\/curvyplasticsurgery?igsh=YXJobGRla2o3emli\" target=\"_blank\">\n\t\t\t\t\t\t<span class=\"elementor-screen-only\">Instagram<\/span>\n\t\t\t\t\t\t<svg aria-hidden=\"true\" class=\"e-font-icon-svg e-fab-instagram\" viewbox=\"0 0 448 512\" xmlns=\"http:\/\/www.w3.org\/2000\/svg\"><path d=\"M224.1 141c-63.6 0-114.9 51.3-114.9 114.9s51.3 114.9 114.9 114.9S339 319.5 339 255.9 287.7 141 224.1 141zm0 189.6c-41.1 0-74.7-33.5-74.7-74.7s33.5-74.7 74.7-74.7 74.7 33.5 74.7 74.7-33.6 74.7-74.7 74.7zm146.4-194.3c0 14.9-12 26.8-26.8 26.8-14.9 0-26.8-12-26.8-26.8s12-26.8 26.8-26.8 26.8 12 26.8 26.8zm76.1 27.2c-1.7-35.9-9.9-67.7-36.2-93.9-26.2-26.2-58-34.4-93.9-36.2-37-2.1-147.9-2.1-184.9 0-35.8 1.7-67.6 9.9-93.9 36.1s-34.4 58-36.2 93.9c-2.1 37-2.1 147.9 0 184.9 1.7 35.9 9.9 67.7 36.2 93.9s58 34.4 93.9 36.2c37 2.1 147.9 2.1 184.9 0 35.9-1.7 67.7-9.9 93.9-36.2 26.2-26.2 34.4-58 36.2-93.9 2.1-37 2.1-147.8 0-184.8zM398.8 388c-7.8 19.6-22.9 34.7-42.6 42.6-29.5 11.7-99.5 9-132.1 9s-102.7 2.6-132.1-9c-19.6-7.8-34.7-22.9-42.6-42.6-11.7-29.5-9-99.5-9-132.1s-2.6-102.7 9-132.1c7.8-19.6 22.9-34.7 42.6-42.6 29.5-11.7 99.5-9 132.1-9s102.7-2.6 132.1 9c19.6 7.8 34.7 22.9 42.6 42.6 11.7 29.5 9 99.5 9 132.1s2.7 102.7-9 132.1z\"><\/path><\/svg>\t\t\t\t\t<\/a>\n\t\t\t\t<\/span>\n\t\t\t\t\t\t\t<span class=\"elementor-grid-item\" role=\"listitem\">\n\t\t\t\t\t<a class=\"elementor-icon elementor-social-icon elementor-social-icon-facebook elementor-repeater-item-07a86be\" href=\"https:\/\/www.facebook.com\/Curvyplasticsurgery\" target=\"_blank\">\n\t\t\t\t\t\t<span class=\"elementor-screen-only\">Facebook<\/span>\n\t\t\t\t\t\t<svg aria-hidden=\"true\" class=\"e-font-icon-svg e-fab-facebook\" viewbox=\"0 0 512 512\" xmlns=\"http:\/\/www.w3.org\/2000\/svg\"><path d=\"M504 256C504 119 393 8 256 8S8 119 8 256c0 123.78 90.69 226.38 209.25 245V327.69h-63V256h63v-54.64c0-62.15 37-96.48 93.67-96.48 27.14 0 55.52 4.84 55.52 4.84v61h-31.28c-30.8 0-40.41 19.12-40.41 38.73V256h68.78l-11 71.69h-57.78V501C413.31 482.38 504 379.78 504 256z\"><\/path><\/svg>\t\t\t\t\t<\/a>\n\t\t\t\t<\/span>\n\t\t\t\t\t\t\t<span class=\"elementor-grid-item\" role=\"listitem\">\n\t\t\t\t\t<a class=\"elementor-icon elementor-social-icon elementor-social-icon-tiktok elementor-repeater-item-a00310c\" href=\"https:\/\/www.tiktok.com\/@curvyplasticsurgery\" target=\"_blank\">\n\t\t\t\t\t\t<span class=\"elementor-screen-only\">Tiktok<\/span>\n\t\t\t\t\t\t<svg aria-hidden=\"true\" class=\"e-font-icon-svg e-fab-tiktok\" viewbox=\"0 0 448 512\" xmlns=\"http:\/\/www.w3.org\/2000\/svg\"><path d=\"M448,209.91a210.06,210.06,0,0,1-122.77-39.25V349.38A162.55,162.55,0,1,1,185,188.31V278.2a74.62,74.62,0,1,0,52.23,71.18V0l88,0a121.18,121.18,0,0,0,1.86,22.17h0A122.18,122.18,0,0,0,381,102.39a121.43,121.43,0,0,0,67,20.14Z\"><\/path><\/svg>\t\t\t\t\t<\/a>\n\t\t\t\t<\/span>\n\t\t\t\t\t<\/div>\n\t\t\t\t\t\t<\/div>\n\t\t\t\t<\/div>\n\t\t\t\t\t<\/div>\n\t\t\t\t<\/section>\n\t\t\t\t<\/div>","protected":false},"excerpt":{"rendered":"<p>luxury &amp; innovation our clinic BOOK A CONSULTATION At Curvy Plastic Surgery, we pride ourselves on offering a refined, patient-focused approach to the most desired procedures in modern aesthetic medicine. Our philosophy centers on the belief that true excellence lies in the balance between cutting-edge innovation and the warmth of personalized care. From the moment [&hellip;]<\/p>\n","protected":false},"author":1,"featured_media":0,"parent":0,"menu_order":0,"comment_status":"closed","ping_status":"closed","template":"elementor_header_footer","meta":{"footnotes":""},"class_list":["post-1427","page","type-page","status-publish","hentry"],"aioseo_notices":[],"_links":{"self":[{"href":"https:\/\/curvyplasticsurgery.com\/es\/wp-json\/wp\/v2\/pages\/1427","targetHints":{"allow":["GET"]}}],"collection":[{"href":"https:\/\/curvyplasticsurgery.com\/es\/wp-json\/wp\/v2\/pages"}],"about":[{"href":"https:\/\/curvyplasticsurgery.com\/es\/wp-json\/wp\/v2\/types\/page"}],"author":[{"embeddable":true,"href":"https:\/\/curvyplasticsurgery.com\/es\/wp-json\/wp\/v2\/users\/1"}],"replies":[{"embeddable":true,"href":"https:\/\/curvyplasticsurgery.com\/es\/wp-json\/wp\/v2\/comments?post=1427"}],"version-history":[{"count":172,"href":"https:\/\/curvyplasticsurgery.com\/es\/wp-json\/wp\/v2\/pages\/1427\/revisions"}],"predecessor-version":[{"id":4766,"href":"https:\/\/curvyplasticsurgery.com\/es\/wp-json\/wp\/v2\/pages\/1427\/revisions\/4766"}],"wp:attachment":[{"href":"https:\/\/curvyplasticsurgery.com\/es\/wp-json\/wp\/v2\/media?parent=1427"}],"curies":[{"name":"wp","href":"https:\/\/api.w.org\/{rel}","templated":true}]}}