{"id":1259,"date":"2025-10-09T11:50:38","date_gmt":"2025-10-09T11:50:38","guid":{"rendered":"https:\/\/curvyplasticsurgery.com\/?page_id=1259"},"modified":"2026-04-17T10:18:22","modified_gmt":"2026-04-17T14:18:22","slug":"financing","status":"publish","type":"page","link":"https:\/\/curvyplasticsurgery.com\/es\/financing\/","title":{"rendered":"Financiaci\u00f3n"},"content":{"rendered":"<div data-elementor-type=\"wp-page\" data-elementor-id=\"1259\" class=\"elementor elementor-1259\" data-elementor-post-type=\"page\">\n\t\t\t\t<section class=\"elementor-element elementor-element-764aae90 e-flex e-con-boxed e-con e-parent\" data-id=\"764aae90\" data-element_type=\"container\" data-e-type=\"container\" data-settings=\"{&quot;background_background&quot;:&quot;classic&quot;}\">\n\t\t\t\t\t<div class=\"e-con-inner\">\n\t\t<div class=\"elementor-element elementor-element-6a207ddf e-con-full e-flex e-con e-child\" data-id=\"6a207ddf\" data-element_type=\"container\" data-e-type=\"container\">\n\t\t\t\t<div class=\"elementor-element elementor-element-6ba51e2b elementor-widget elementor-widget-heading\" data-id=\"6ba51e2b\" data-element_type=\"widget\" data-e-type=\"widget\" data-widget_type=\"heading.default\">\n\t\t\t\t\t<h2 class=\"elementor-heading-title elementor-size-default\">Cirug\u00eda cosm\u00e9tica y pl\u00e1stica<\/h2>\t\t\t\t<\/div>\n\t\t\t\t<div class=\"elementor-element elementor-element-c9fb415 elementor-widget elementor-widget-heading\" data-id=\"c9fb415\" data-element_type=\"widget\" data-e-type=\"widget\" data-widget_type=\"heading.default\">\n\t\t\t\t\t<h2 class=\"elementor-heading-title elementor-size-default\">financiaci\u00f3n<\/h2>\t\t\t\t<\/div>\n\t\t\t\t<div class=\"elementor-element elementor-element-ec9ba1a elementor-widget elementor-widget-heading\" data-id=\"ec9ba1a\" data-element_type=\"widget\" data-e-type=\"widget\" data-widget_type=\"heading.default\">\n\t\t\t\t\t<h2 class=\"elementor-heading-title elementor-size-default\">opciones<\/h2>\t\t\t\t<\/div>\n\t\t\t\t<\/div>\n\t\t\t\t<div class=\"elementor-element elementor-element-13616dc7 elementor-widget elementor-widget-text-editor\" data-id=\"13616dc7\" data-element_type=\"widget\" data-e-type=\"widget\" data-widget_type=\"text-editor.default\">\n\t\t\t\t\t\t\t\t\t<p>En Curvy Plastic Surgery, creemos que nada deber\u00eda impedir que te sientas segura de ti misma, ni siquiera las preocupaciones econ\u00f3micas. Si llevas a\u00f1os so\u00f1ando con un procedimiento, ahora es el momento perfecto para hacerlo realidad. Con nuestras opciones de financiamiento flexibles, puedes distribuir el costo en pagos mensuales accesibles, haciendo que la transformaci\u00f3n de tus sue\u00f1os sea m\u00e1s alcanzable que nunca.\u00a0<\/p><p>Su proceso comienza con una consulta, donde le proporcionaremos un presupuesto claro y personalizado para su procedimiento. A partir de ah\u00ed, nuestro equipo de expertos se tomar\u00e1 el tiempo necesario para comprender sus necesidades y le orientar\u00e1 hacia el plan de financiamiento m\u00e1s adecuado para usted. Trabajamos con diversas soluciones de pago, como tarjetas de cr\u00e9dito y planes mensuales estructurados, para garantizarle flexibilidad y tranquilidad.\u00a0<\/p><p>Sabemos que esta es una inversi\u00f3n importante en usted mismo y nos comprometemos a que el proceso sea sencillo y sin estr\u00e9s. Nuestro dedicado personal le guiar\u00e1 en cada paso con atenci\u00f3n y claridad, para que se sienta seguro y completamente informado. En Curvy Plastic Surgery, estamos aqu\u00ed para ayudarle a alcanzar sus objetivos de una manera que se ajuste a su estilo de vida y presupuesto.<\/p>\t\t\t\t\t\t\t\t<\/div>\n\t\t\t\t<div class=\"elementor-element elementor-element-93507c3 elementor-widget-divider--view-line elementor-widget elementor-widget-divider\" data-id=\"93507c3\" data-element_type=\"widget\" data-e-type=\"widget\" data-widget_type=\"divider.default\">\n\t\t\t\t\t\t\t<div class=\"elementor-divider\">\n\t\t\t<span class=\"elementor-divider-separator\">\n\t\t\t\t\t\t<\/span>\n\t\t<\/div>\n\t\t\t\t\t\t<\/div>\n\t\t\t\t\t<\/div>\n\t\t\t\t<\/section>\n\t\t<section class=\"elementor-element elementor-element-11c754fc e-flex e-con-boxed e-con e-parent\" data-id=\"11c754fc\" data-element_type=\"container\" data-e-type=\"container\" data-settings=\"{&quot;background_background&quot;:&quot;classic&quot;}\">\n\t\t\t\t\t<div class=\"e-con-inner\">\n\t\t<div class=\"elementor-element elementor-element-28f4e48e e-con-full e-flex e-con e-child\" data-id=\"28f4e48e\" data-element_type=\"container\" data-e-type=\"container\">\n\t\t\t\t<div class=\"elementor-element elementor-element-eb53265 elementor-widget elementor-widget-image\" data-id=\"eb53265\" data-element_type=\"widget\" data-e-type=\"widget\" data-widget_type=\"image.default\">\n\t\t\t\t\t\t\t\t\t\t\t\t\t\t\t<img fetchpriority=\"high\" decoding=\"async\" width=\"800\" height=\"369\" src=\"https:\/\/curvyplasticsurgery.com\/wp-content\/uploads\/2025\/10\/alphaeon-1024x472.png\" class=\"attachment-large size-large wp-image-1278\" alt=\"\" srcset=\"https:\/\/curvyplasticsurgery.com\/wp-content\/uploads\/2025\/10\/alphaeon-1024x472.png 1024w, https:\/\/curvyplasticsurgery.com\/wp-content\/uploads\/2025\/10\/alphaeon-300x138.png 300w, https:\/\/curvyplasticsurgery.com\/wp-content\/uploads\/2025\/10\/alphaeon-768x354.png 768w, https:\/\/curvyplasticsurgery.com\/wp-content\/uploads\/2025\/10\/alphaeon.png 1500w\" sizes=\"(max-width: 800px) 100vw, 800px\" \/>\t\t\t\t\t\t\t\t\t\t\t\t\t\t\t<\/div>\n\t\t\t\t<div class=\"elementor-element elementor-element-554eb32c elementor-widget elementor-widget-text-editor\" data-id=\"554eb32c\" data-element_type=\"widget\" data-e-type=\"widget\" data-widget_type=\"text-editor.default\">\n\t\t\t\t\t\t\t\t\t<p>\u00bfListo para mejorar tu apariencia? Con la Tarjeta de Cr\u00e9dito Alphaeon, lograr tus objetivos est\u00e9ticos nunca ha sido tan f\u00e1cil. Aceptamos con orgullo sus planes de pago mensuales flexibles, lo que te da la libertad de continuar con tu procedimiento a tu propio ritmo. Es una forma sencilla y sin estr\u00e9s de invertir en ti mismo y sentirte seguro sin exceder tu presupuesto.<\/p>\t\t\t\t\t\t\t\t<\/div>\n\t\t\t\t<div class=\"elementor-element elementor-element-8fc99a5 elementor-align-center elementor-widget elementor-widget-button\" data-id=\"8fc99a5\" data-element_type=\"widget\" data-e-type=\"widget\" data-widget_type=\"button.default\">\n\t\t\t\t\t\t\t\t\t\t<a class=\"elementor-button elementor-button-link elementor-size-sm elementor-animation-sink\" href=\"https:\/\/go.alphaeoncredit.com\/credit-portal\/location\/15088\">\n\t\t\t\t\t\t<span class=\"elementor-button-content-wrapper\">\n\t\t\t\t\t\t\t\t\t<span class=\"elementor-button-text\">aplica ahora<\/span>\n\t\t\t\t\t<\/span>\n\t\t\t\t\t<\/a>\n\t\t\t\t\t\t\t\t<\/div>\n\t\t\t\t<\/div>\n\t\t<div class=\"elementor-element elementor-element-3fac5aa4 e-con-full e-flex e-con e-child\" data-id=\"3fac5aa4\" data-element_type=\"container\" data-e-type=\"container\">\n\t\t\t\t<div class=\"elementor-element elementor-element-61db528 elementor-widget elementor-widget-image\" data-id=\"61db528\" data-element_type=\"widget\" data-e-type=\"widget\" data-widget_type=\"image.default\">\n\t\t\t\t\t\t\t\t\t\t\t\t\t\t\t<img decoding=\"async\" width=\"592\" height=\"413\" src=\"https:\/\/curvyplasticsurgery.com\/wp-content\/uploads\/2025\/10\/carecredit.png\" class=\"attachment-large size-large wp-image-1284\" alt=\"\" srcset=\"https:\/\/curvyplasticsurgery.com\/wp-content\/uploads\/2025\/10\/carecredit.png 592w, https:\/\/curvyplasticsurgery.com\/wp-content\/uploads\/2025\/10\/carecredit-300x209.png 300w\" sizes=\"(max-width: 592px) 100vw, 592px\" \/>\t\t\t\t\t\t\t\t\t\t\t\t\t\t\t<\/div>\n\t\t\t\t<div class=\"elementor-element elementor-element-d175446 elementor-widget elementor-widget-text-editor\" data-id=\"d175446\" data-element_type=\"widget\" data-e-type=\"widget\" data-widget_type=\"text-editor.default\">\n\t\t\t\t\t\t\t\t\t<p>\u00bfListo para dar el siguiente paso en tu transformaci\u00f3n? Con CareCredit, no tienes que esperar para lograr la apariencia que siempre has so\u00f1ado. Aceptamos con orgullo las flexibles opciones de pago mensual de CareCredit, lo que facilita que tu procedimiento se realice sin salirte de tu presupuesto. Es una forma c\u00f3moda de invertir en tu confianza y bienestar sin estr\u00e9s financiero.<\/p>\t\t\t\t\t\t\t\t<\/div>\n\t\t\t\t<div class=\"elementor-element elementor-element-c4509e0 elementor-align-center elementor-widget elementor-widget-button\" data-id=\"c4509e0\" data-element_type=\"widget\" data-e-type=\"widget\" data-widget_type=\"button.default\">\n\t\t\t\t\t\t\t\t\t\t<a class=\"elementor-button elementor-button-link elementor-size-sm elementor-animation-sink\" href=\"https:\/\/www.carecredit.com\/go\/HSA329\/\">\n\t\t\t\t\t\t<span class=\"elementor-button-content-wrapper\">\n\t\t\t\t\t\t\t\t\t<span class=\"elementor-button-text\">aplica ahora<\/span>\n\t\t\t\t\t<\/span>\n\t\t\t\t\t<\/a>\n\t\t\t\t\t\t\t\t<\/div>\n\t\t\t\t<\/div>\n\t\t\t\t\t<\/div>\n\t\t\t\t<\/section>\n\t\t<section class=\"elementor-element elementor-element-293b6cfe e-flex e-con-boxed e-con e-parent\" data-id=\"293b6cfe\" data-element_type=\"container\" data-e-type=\"container\" data-settings=\"{&quot;background_background&quot;:&quot;classic&quot;}\">\n\t\t\t\t\t<div class=\"e-con-inner\">\n\t\t<div class=\"elementor-element elementor-element-f50670a e-con-full e-flex e-con e-child\" data-id=\"f50670a\" data-element_type=\"container\" data-e-type=\"container\">\n\t\t\t\t<div class=\"elementor-element elementor-element-b533fc6 elementor-widget-divider--view-line elementor-widget elementor-widget-divider\" data-id=\"b533fc6\" data-element_type=\"widget\" data-e-type=\"widget\" data-widget_type=\"divider.default\">\n\t\t\t\t\t\t\t<div class=\"elementor-divider\">\n\t\t\t<span class=\"elementor-divider-separator\">\n\t\t\t\t\t\t<\/span>\n\t\t<\/div>\n\t\t\t\t\t\t<\/div>\n\t\t\t\t<div class=\"elementor-element elementor-element-7d3f74b3 elementor-widget elementor-widget-heading\" data-id=\"7d3f74b3\" data-element_type=\"widget\" data-e-type=\"widget\" data-widget_type=\"heading.default\">\n\t\t\t\t\t<h2 class=\"elementor-heading-title elementor-size-default\">Financiamiento de cirug\u00eda pl\u00e1stica: c\u00f3mo funciona<\/h2>\t\t\t\t<\/div>\n\t\t\t\t<div class=\"elementor-element elementor-element-6e43d1fc elementor-widget elementor-widget-text-editor\" data-id=\"6e43d1fc\" data-element_type=\"widget\" data-e-type=\"widget\" data-widget_type=\"text-editor.default\">\n\t\t\t\t\t\t\t\t\t<p>Invertir en ti mismo deber\u00eda ser emocionante, no estresante. Por eso, simplificamos el proceso de financiaci\u00f3n, lo hacemos transparente y lo adaptamos a tus necesidades. Esto es lo que puedes esperar:<\/p>\t\t\t\t\t\t\t\t<\/div>\n\t\t\t\t<div class=\"elementor-element elementor-element-f81b1ac elementor-widget elementor-widget-text-editor\" data-id=\"f81b1ac\" data-element_type=\"widget\" data-e-type=\"widget\" data-widget_type=\"text-editor.default\">\n\t\t\t\t\t\t\t\t\t<p>Consulta y presupuesto: su viaje comienza con una consulta personalizada, donde le brindaremos un desglose claro del costo de su procedimiento.<\/p><p>Opciones flexibles: elija entre socios financieros confiables como CareCredit y Alphaeon Credit, o explore soluciones de tarjetas de cr\u00e9dito y planes de pago que se ajusten a su presupuesto.<\/p><p>Proceso de aprobaci\u00f3n f\u00e1cil: la mayor\u00eda de las solicitudes son r\u00e1pidas y sencillas y las decisiones se toman en minutos.<\/p><p>Pagos mensuales asequibles: divida el costo total en cuotas manejables, para que pueda avanzar con confianza y tranquilidad.<\/p>\t\t\t\t\t\t\t\t<\/div>\n\t\t\t\t<div class=\"elementor-element elementor-element-7d3e404 elementor-widget-divider--view-line elementor-widget elementor-widget-divider\" data-id=\"7d3e404\" data-element_type=\"widget\" data-e-type=\"widget\" data-widget_type=\"divider.default\">\n\t\t\t\t\t\t\t<div class=\"elementor-divider\">\n\t\t\t<span class=\"elementor-divider-separator\">\n\t\t\t\t\t\t<\/span>\n\t\t<\/div>\n\t\t\t\t\t\t<\/div>\n\t\t\t\t<\/div>\n\t\t\t\t\t<\/div>\n\t\t\t\t<\/section>\n\t\t<section class=\"elementor-element elementor-element-1a790dc2 e-flex e-con-boxed e-con e-parent\" data-id=\"1a790dc2\" data-element_type=\"container\" data-e-type=\"container\" data-settings=\"{&quot;background_background&quot;:&quot;classic&quot;}\">\n\t\t\t\t\t<div class=\"e-con-inner\">\n\t\t\t\t<div class=\"elementor-element elementor-element-99079ac elementor-hidden-mobile elementor-widget-divider--view-line elementor-widget elementor-widget-divider\" data-id=\"99079ac\" data-element_type=\"widget\" data-e-type=\"widget\" data-widget_type=\"divider.default\">\n\t\t\t\t\t\t\t<div class=\"elementor-divider\">\n\t\t\t<span class=\"elementor-divider-separator\">\n\t\t\t\t\t\t<\/span>\n\t\t<\/div>\n\t\t\t\t\t\t<\/div>\n\t\t<div class=\"elementor-element elementor-element-561285f0 e-con-full e-flex e-con e-child\" data-id=\"561285f0\" data-element_type=\"container\" data-e-type=\"container\">\n\t\t\t\t<div class=\"elementor-element elementor-element-63e8cc4d elementor-widget elementor-widget-text-editor\" data-id=\"63e8cc4d\" data-element_type=\"widget\" data-e-type=\"widget\" data-widget_type=\"text-editor.default\">\n\t\t\t\t\t\t\t\t\tNuestro equipo le guiar\u00e1 en cada paso, asegur\u00e1ndose de que comprenda plenamente sus opciones. En Curvy Plastic Surgery, nos comprometemos a ayudarle a alcanzar sus objetivos de una manera c\u00f3moda, empoderadora y econ\u00f3micamente accesible.\t\t\t\t\t\t\t\t<\/div>\n\t\t\t\t<div class=\"elementor-element elementor-element-5e49ade elementor-widget elementor-widget-heading\" data-id=\"5e49ade\" data-element_type=\"widget\" data-e-type=\"widget\" data-widget_type=\"heading.default\">\n\t\t\t\t\t<h2 class=\"elementor-heading-title elementor-size-default\">A continuaci\u00f3n te explicamos c\u00f3mo hacer que el proceso sea muy sencillo:<\/h2>\t\t\t\t<\/div>\n\t\t\t\t<div class=\"elementor-element elementor-element-317f8e8 elementor-widget elementor-widget-text-editor\" data-id=\"317f8e8\" data-element_type=\"widget\" data-e-type=\"widget\" data-widget_type=\"text-editor.default\">\n\t\t\t\t\t\t\t\t\t<p class=\"translation-block\"><b>Verifique su cr\u00e9dito:<\/b> Aseg\u00farese de que su cr\u00e9dito est\u00e9 en buenas condiciones y elimine cualquier congelamiento.<\/p>\n<p class=\"translation-block\"><b>Considere un co-firmante:<\/b> Un co-firmante podr\u00eda ayudar si su cr\u00e9dito no es perfecto.<\/p>\n<p class=\"translation-block\"><b>Ten a mano tu identificaci\u00f3n:<\/b> Necesitar\u00e1s una identificaci\u00f3n v\u00e1lida emitida por el gobierno.<\/p>\n<p class=\"translation-block\"><b>Calcule sus ingresos:<\/b> Determine el ingreso familiar combinado.<\/p>\t\t\t\t\t\t\t\t<\/div>\n\t\t\t\t<\/div>\n\t\t\t\t\t<\/div>\n\t\t\t\t<\/section>\n\t\t\t\t<\/div>","protected":false},"excerpt":{"rendered":"<p>Cosmetic &amp; Plastic Surgery financing options At Curvy Plastic Surgery, we believe nothing should stand in the way of feeling confident in your own body, not even financial concerns. If you\u2019ve been envisioning a procedure for years, now is the perfect time to make it happen. With our flexible financing options, you can spread the [&hellip;]<\/p>\n","protected":false},"author":1,"featured_media":0,"parent":0,"menu_order":0,"comment_status":"closed","ping_status":"closed","template":"elementor_header_footer","meta":{"footnotes":""},"class_list":["post-1259","page","type-page","status-publish","hentry"],"aioseo_notices":[],"_links":{"self":[{"href":"https:\/\/curvyplasticsurgery.com\/es\/wp-json\/wp\/v2\/pages\/1259","targetHints":{"allow":["GET"]}}],"collection":[{"href":"https:\/\/curvyplasticsurgery.com\/es\/wp-json\/wp\/v2\/pages"}],"about":[{"href":"https:\/\/curvyplasticsurgery.com\/es\/wp-json\/wp\/v2\/types\/page"}],"author":[{"embeddable":true,"href":"https:\/\/curvyplasticsurgery.com\/es\/wp-json\/wp\/v2\/users\/1"}],"replies":[{"embeddable":true,"href":"https:\/\/curvyplasticsurgery.com\/es\/wp-json\/wp\/v2\/comments?post=1259"}],"version-history":[{"count":226,"href":"https:\/\/curvyplasticsurgery.com\/es\/wp-json\/wp\/v2\/pages\/1259\/revisions"}],"predecessor-version":[{"id":4668,"href":"https:\/\/curvyplasticsurgery.com\/es\/wp-json\/wp\/v2\/pages\/1259\/revisions\/4668"}],"wp:attachment":[{"href":"https:\/\/curvyplasticsurgery.com\/es\/wp-json\/wp\/v2\/media?parent=1259"}],"curies":[{"name":"wp","href":"https:\/\/api.w.org\/{rel}","templated":true}]}}