{"id":1184,"date":"2025-10-08T16:35:39","date_gmt":"2025-10-08T16:35:39","guid":{"rendered":"https:\/\/curvyplasticsurgery.com\/?page_id=1184"},"modified":"2026-02-24T13:17:45","modified_gmt":"2026-02-24T18:17:45","slug":"rhinoplasty","status":"publish","type":"page","link":"https:\/\/curvyplasticsurgery.com\/es\/rhinoplasty\/","title":{"rendered":"Rinoplastia"},"content":{"rendered":"<div data-elementor-type=\"wp-page\" data-elementor-id=\"1184\" class=\"elementor elementor-1184\" data-elementor-post-type=\"page\">\n\t\t\t\t<section class=\"elementor-element elementor-element-218be635 e-flex e-con-boxed e-con e-parent\" data-id=\"218be635\" data-element_type=\"container\" data-e-type=\"container\" data-settings=\"{&quot;background_background&quot;:&quot;classic&quot;}\">\n\t\t\t\t\t<div class=\"e-con-inner\">\n\t\t<div class=\"elementor-element elementor-element-35ad9fe e-con-full e-flex e-con e-child\" data-id=\"35ad9fe\" data-element_type=\"container\" data-e-type=\"container\">\n\t\t\t\t<div class=\"elementor-element elementor-element-580fe721 elementor-widget elementor-widget-heading\" data-id=\"580fe721\" data-element_type=\"widget\" data-e-type=\"widget\" data-widget_type=\"heading.default\">\n\t\t\t\t\t<h2 class=\"elementor-heading-title elementor-size-default\">CIRUG\u00cdA EST\u00c9TICA<\/h2>\t\t\t\t<\/div>\n\t\t\t\t<div class=\"elementor-element elementor-element-75ec2ec8 elementor-hidden-desktop elementor-hidden-tablet elementor-widget elementor-widget-heading\" data-id=\"75ec2ec8\" data-element_type=\"widget\" data-e-type=\"widget\" data-widget_type=\"heading.default\">\n\t\t\t\t\t<h2 class=\"elementor-heading-title elementor-size-default\">RINOPLASTIA<\/h2>\t\t\t\t<\/div>\n\t\t\t\t<div class=\"elementor-element elementor-element-9fe49ee elementor-hidden-mobile elementor-widget elementor-widget-heading\" data-id=\"9fe49ee\" data-element_type=\"widget\" data-e-type=\"widget\" data-widget_type=\"heading.default\">\n\t\t\t\t\t<h2 class=\"elementor-heading-title elementor-size-default\">RINOPLASTIA<\/h2>\t\t\t\t<\/div>\n\t\t\t\t<\/div>\n\t\t\t\t<div class=\"elementor-element elementor-element-62f2ccc1 elementor-widget elementor-widget-button\" data-id=\"62f2ccc1\" data-element_type=\"widget\" data-e-type=\"widget\" data-widget_type=\"button.default\">\n\t\t\t\t\t\t\t\t\t\t<a class=\"elementor-button elementor-button-link elementor-size-sm elementor-animation-sink\" href=\"#elementor-action%3Aaction%3Dpopup%3Aopen%26settings%3DeyJpZCI6IjcyNSIsInRvZ2dsZSI6ZmFsc2V9\">\n\t\t\t\t\t\t<span class=\"elementor-button-content-wrapper\">\n\t\t\t\t\t\t\t\t\t<span class=\"elementor-button-text\">Agendar UNA CONSULTA<\/span>\n\t\t\t\t\t<\/span>\n\t\t\t\t\t<\/a>\n\t\t\t\t\t\t\t\t<\/div>\n\t\t\t\t<div class=\"elementor-element elementor-element-2bd3de5b elementor-widget elementor-widget-text-editor\" data-id=\"2bd3de5b\" data-element_type=\"widget\" data-e-type=\"widget\" data-widget_type=\"text-editor.default\">\n\t\t\t\t\t\t\t\t\t<p>\u00bfEst\u00e1 considerando una rinoplastia? Sabemos que es una decisi\u00f3n muy personal y estamos aqu\u00ed para guiarle con atenci\u00f3n y experiencia. En The Method, nuestros cirujanos pl\u00e1sticos certificados se especializan en crear narices que lucen naturales, armoniosas y se adaptan perfectamente a su rostro. Desde su primera consulta hasta su recuperaci\u00f3n, estaremos a su lado: escucharemos sus objetivos, atenderemos sus inquietudes y le ayudaremos a sentirse c\u00f3modo en cada paso del proceso. Ya sea que busque un refinamiento sutil, una mejor respiraci\u00f3n o un cambio transformador, nuestro objetivo es ayudarle a sentirse seguro y orgulloso del rostro que presenta al mundo.<\/p>\t\t\t\t\t\t\t\t<\/div>\n\t\t\t\t\t<\/div>\n\t\t\t\t<\/section>\n\t\t<section class=\"elementor-element elementor-element-5bc7f0b5 e-flex e-con-boxed e-con e-parent\" data-id=\"5bc7f0b5\" data-element_type=\"container\" data-e-type=\"container\" data-settings=\"{&quot;background_background&quot;:&quot;classic&quot;}\">\n\t\t\t\t\t<div class=\"e-con-inner\">\n\t\t<div class=\"elementor-element elementor-element-331b1cab e-con-full e-flex e-con e-child\" data-id=\"331b1cab\" data-element_type=\"container\" data-e-type=\"container\">\n\t\t\t\t<div class=\"elementor-element elementor-element-7449e5ba elementor-hidden-desktop elementor-hidden-tablet elementor-widget elementor-widget-heading\" data-id=\"7449e5ba\" data-element_type=\"widget\" data-e-type=\"widget\" data-widget_type=\"heading.default\">\n\t\t\t\t\t<h2 class=\"elementor-heading-title elementor-size-default\">\u00bfD\u00f3nde se realizan las incisiones en la rinoplastia?<\/h2>\t\t\t\t<\/div>\n\t\t\t\t<div class=\"elementor-element elementor-element-fce4979 elementor-hidden-mobile elementor-widget elementor-widget-heading\" data-id=\"fce4979\" data-element_type=\"widget\" data-e-type=\"widget\" data-widget_type=\"heading.default\">\n\t\t\t\t\t<h2 class=\"elementor-heading-title elementor-size-default\">\u00bfD\u00f3nde se realizan las incisiones en la rinoplastia?<\/h2>\t\t\t\t<\/div>\n\t\t\t\t<div class=\"elementor-element elementor-element-724f5286 elementor-widget elementor-widget-text-editor\" data-id=\"724f5286\" data-element_type=\"widget\" data-e-type=\"widget\" data-widget_type=\"text-editor.default\">\n\t\t\t\t\t\t\t\t\t<p>Al planificar su rinoplastia, una de las decisiones clave es el abordaje quir\u00fargico. Existen diferentes t\u00e9cnicas, cada una con sus propias ventajas y consideraciones. Las dos opciones m\u00e1s comunes son el abordaje abierto y el cerrado. La rinoplastia abierta implica una peque\u00f1a incisi\u00f3n a trav\u00e9s de la columela (el tejido entre las fosas nasales), lo que permite al cirujano mayor visibilidad y precisi\u00f3n. La rinoplastia cerrada coloca todas las incisiones dentro de las fosas nasales, sin dejar cicatriz externa y, por lo general, resultando en una recuperaci\u00f3n m\u00e1s r\u00e1pida. Tambi\u00e9n existen variantes menos comunes, como la rinoplastia de preservaci\u00f3n o los abordajes m\u00ednimamente invasivos, que pueden ser adecuados para pacientes que buscan mejoras muy sutiles. Si bien estas opciones pueden ser atractivas por la reducci\u00f3n de cicatrices o tiempo de recuperaci\u00f3n, no siempre son apropiadas para todos los casos y pueden limitar el grado de correcci\u00f3n que se puede lograr.<\/p>\t\t\t\t\t\t\t\t<\/div>\n\t\t\t\t<\/div>\n\t\t<div class=\"elementor-element elementor-element-54f8930c e-con-full e-flex e-con e-child\" data-id=\"54f8930c\" data-element_type=\"container\" data-e-type=\"container\">\n\t\t\t\t<div class=\"elementor-element elementor-element-6367b018 elementor-widget elementor-widget-image\" data-id=\"6367b018\" data-element_type=\"widget\" data-e-type=\"widget\" data-widget_type=\"image.default\">\n\t\t\t\t\t\t\t\t\t\t\t\t\t\t\t<img fetchpriority=\"high\" decoding=\"async\" width=\"768\" height=\"1076\" src=\"https:\/\/curvyplasticsurgery.com\/wp-content\/uploads\/2025\/10\/rhinoplasty_image_01-768x1076.jpg\" class=\"attachment-medium_large size-medium_large wp-image-1215\" alt=\"\" srcset=\"https:\/\/curvyplasticsurgery.com\/wp-content\/uploads\/2025\/10\/rhinoplasty_image_01-768x1076.jpg 768w, https:\/\/curvyplasticsurgery.com\/wp-content\/uploads\/2025\/10\/rhinoplasty_image_01-214x300.jpg 214w, https:\/\/curvyplasticsurgery.com\/wp-content\/uploads\/2025\/10\/rhinoplasty_image_01-731x1024.jpg 731w, https:\/\/curvyplasticsurgery.com\/wp-content\/uploads\/2025\/10\/rhinoplasty_image_01.jpg 1071w\" sizes=\"(max-width: 768px) 100vw, 768px\" \/>\t\t\t\t\t\t\t\t\t\t\t\t\t\t\t<\/div>\n\t\t\t\t<\/div>\n\t\t\t\t\t<\/div>\n\t\t\t\t<\/section>\n\t\t<section class=\"elementor-element elementor-element-4e6a0b2e e-flex e-con-boxed e-con e-parent\" data-id=\"4e6a0b2e\" data-element_type=\"container\" data-e-type=\"container\" data-settings=\"{&quot;background_background&quot;:&quot;classic&quot;}\">\n\t\t\t\t\t<div class=\"e-con-inner\">\n\t\t<div class=\"elementor-element elementor-element-3cc56d06 e-con-full e-flex e-con e-child\" data-id=\"3cc56d06\" data-element_type=\"container\" data-e-type=\"container\">\n\t\t\t\t<div class=\"elementor-element elementor-element-1735709 elementor-widget elementor-widget-image\" data-id=\"1735709\" data-element_type=\"widget\" data-e-type=\"widget\" data-widget_type=\"image.default\">\n\t\t\t\t\t\t\t\t\t\t\t\t\t\t\t<img decoding=\"async\" width=\"768\" height=\"1075\" src=\"https:\/\/curvyplasticsurgery.com\/wp-content\/uploads\/2025\/10\/rhinoplasty_image_02-768x1075.jpg\" class=\"attachment-medium_large size-medium_large wp-image-1216\" alt=\"\" srcset=\"https:\/\/curvyplasticsurgery.com\/wp-content\/uploads\/2025\/10\/rhinoplasty_image_02-768x1075.jpg 768w, https:\/\/curvyplasticsurgery.com\/wp-content\/uploads\/2025\/10\/rhinoplasty_image_02-214x300.jpg 214w, https:\/\/curvyplasticsurgery.com\/wp-content\/uploads\/2025\/10\/rhinoplasty_image_02-732x1024.jpg 732w, https:\/\/curvyplasticsurgery.com\/wp-content\/uploads\/2025\/10\/rhinoplasty_image_02.jpg 1072w\" sizes=\"(max-width: 768px) 100vw, 768px\" \/>\t\t\t\t\t\t\t\t\t\t\t\t\t\t\t<\/div>\n\t\t\t\t<\/div>\n\t\t<div class=\"elementor-element elementor-element-4fe5cd9f e-con-full e-flex e-con e-child\" data-id=\"4fe5cd9f\" data-element_type=\"container\" data-e-type=\"container\">\n\t\t\t\t<div class=\"elementor-element elementor-element-eddcbb1 elementor-hidden-desktop elementor-hidden-tablet elementor-widget elementor-widget-heading\" data-id=\"eddcbb1\" data-element_type=\"widget\" data-e-type=\"widget\" data-widget_type=\"heading.default\">\n\t\t\t\t\t<h2 class=\"elementor-heading-title elementor-size-default\">\u00bfEs la rinoplastia adecuada para m\u00ed?<\/h2>\t\t\t\t<\/div>\n\t\t\t\t<div class=\"elementor-element elementor-element-02450b8 elementor-hidden-mobile elementor-widget elementor-widget-heading\" data-id=\"02450b8\" data-element_type=\"widget\" data-e-type=\"widget\" data-widget_type=\"heading.default\">\n\t\t\t\t\t<h2 class=\"elementor-heading-title elementor-size-default\">\u00bfEs la rinoplastia adecuada para m\u00ed?<\/h2>\t\t\t\t<\/div>\n\t\t\t\t<div class=\"elementor-element elementor-element-52ed1024 elementor-widget elementor-widget-text-editor\" data-id=\"52ed1024\" data-element_type=\"widget\" data-e-type=\"widget\" data-widget_type=\"text-editor.default\">\n\t\t\t\t\t\t\t\t\t<p>La rinoplastia es uno de los procedimientos cosm\u00e9ticos m\u00e1s solicitados porque puede mejorar dr\u00e1sticamente tanto su apariencia como su confianza. Al remodelar la nariz, la rinoplastia puede crear un mejor equilibrio y armon\u00eda facial, ayudando a que sus rasgos se vean m\u00e1s proporcionados y refinados. Muchas personas eligen este procedimiento si sienten que su nariz es demasiado grande o demasiado peque\u00f1a, tiene una protuberancia notable, un puente ancho o si alguna lesi\u00f3n o herencia gen\u00e9tica les ha dado una forma que les gustar\u00eda cambiar.<br \/>Los mejores candidatos suelen ser personas sanas, no fumadoras, sin enfermedades subyacentes graves y con expectativas realistas sobre el resultado. Durante la consulta, el cirujano evaluar\u00e1 cuidadosamente su estructura facial, escuchar\u00e1 sus objetivos y le recomendar\u00e1 el mejor abordaje quir\u00fargico para lograr resultados naturales, equilibrados y acordes con su estilo de vida.<\/p>\t\t\t\t\t\t\t\t<\/div>\n\t\t\t\t<\/div>\n\t\t\t\t\t<\/div>\n\t\t\t\t<\/section>\n\t\t<section class=\"elementor-element elementor-element-35dc5447 e-flex e-con-boxed e-con e-parent\" data-id=\"35dc5447\" data-element_type=\"container\" data-e-type=\"container\" data-settings=\"{&quot;background_background&quot;:&quot;classic&quot;}\">\n\t\t\t\t\t<div class=\"e-con-inner\">\n\t\t<div class=\"elementor-element elementor-element-496dae5a e-con-full e-flex e-con e-child\" data-id=\"496dae5a\" data-element_type=\"container\" data-e-type=\"container\">\n\t\t\t\t<div class=\"elementor-element elementor-element-6f6658c elementor-hidden-desktop elementor-hidden-tablet elementor-widget elementor-widget-heading\" data-id=\"6f6658c\" data-element_type=\"widget\" data-e-type=\"widget\" data-widget_type=\"heading.default\">\n\t\t\t\t\t<h2 class=\"elementor-heading-title elementor-size-default\">Consulta de rinoplastia: \u00bfQu\u00e9 esperar?<\/h2>\t\t\t\t<\/div>\n\t\t\t\t<div class=\"elementor-element elementor-element-3ff9526 elementor-hidden-mobile elementor-widget elementor-widget-heading\" data-id=\"3ff9526\" data-element_type=\"widget\" data-e-type=\"widget\" data-widget_type=\"heading.default\">\n\t\t\t\t\t<h2 class=\"elementor-heading-title elementor-size-default\">Consulta de rinoplastia: \u00bfQu\u00e9 esperar?<\/h2>\t\t\t\t<\/div>\n\t\t\t\t<div class=\"elementor-element elementor-element-617ccab0 elementor-widget elementor-widget-text-editor\" data-id=\"617ccab0\" data-element_type=\"widget\" data-e-type=\"widget\" data-widget_type=\"text-editor.default\">\n\t\t\t\t\t\t\t\t\t<p>Su experiencia con la rinoplastia comienza con una consulta privada con uno de nuestros cirujanos pl\u00e1sticos certificados. Esta es su oportunidad de hablar abiertamente sobre lo que le gustar\u00eda mejorar, hacer preguntas y establecer expectativas realistas. Sabemos que hablar de su nariz puede resultar un poco personal, pero puede sentirse completamente tranquilo. Hemos guiado a muchos pacientes en este proceso y nuestro objetivo es que se sienta apoyado y comprendido desde el principio.<\/p><p>Durante su consulta, su cirujano le mostrar\u00e1 fotos del antes y el despu\u00e9s de rinoplastias anteriores, lo que le ayudar\u00e1 a visualizar los posibles resultados. En muchos casos, tambi\u00e9n se pueden utilizar im\u00e1genes avanzadas para obtener una vista previa de c\u00f3mo lucir\u00edan los diferentes ajustes y visualizar los resultados potenciales.<\/p><p>Tambi\u00e9n hablaremos sobre tu estilo de vida y objetivos, ya sea que busques un refinamiento sutil, ayuda con la respiraci\u00f3n o una transformaci\u00f3n m\u00e1s visible. Este enfoque personalizado garantiza que los resultados no solo mejoren la armon\u00eda facial, sino que tambi\u00e9n se sientan naturales y se integren en tu vida diaria.<\/p>\t\t\t\t\t\t\t\t<\/div>\n\t\t\t\t<\/div>\n\t\t<div class=\"elementor-element elementor-element-a391eab e-con-full e-flex e-con e-child\" data-id=\"a391eab\" data-element_type=\"container\" data-e-type=\"container\">\n\t\t\t\t<div class=\"elementor-element elementor-element-54f4fd2d elementor-widget elementor-widget-image\" data-id=\"54f4fd2d\" data-element_type=\"widget\" data-e-type=\"widget\" data-widget_type=\"image.default\">\n\t\t\t\t\t\t\t\t\t\t\t\t\t\t\t<img decoding=\"async\" width=\"556\" height=\"779\" src=\"https:\/\/curvyplasticsurgery.com\/wp-content\/uploads\/2025\/10\/rhinoplasty_image_03.jpg\" class=\"attachment-medium_large size-medium_large wp-image-1217\" alt=\"\" srcset=\"https:\/\/curvyplasticsurgery.com\/wp-content\/uploads\/2025\/10\/rhinoplasty_image_03.jpg 556w, https:\/\/curvyplasticsurgery.com\/wp-content\/uploads\/2025\/10\/rhinoplasty_image_03-214x300.jpg 214w\" sizes=\"(max-width: 556px) 100vw, 556px\" \/>\t\t\t\t\t\t\t\t\t\t\t\t\t\t\t<\/div>\n\t\t\t\t<\/div>\n\t\t\t\t\t<\/div>\n\t\t\t\t<\/section>\n\t\t<section class=\"elementor-element elementor-element-0a6e6c7 e-flex e-con-boxed e-con e-parent\" data-id=\"0a6e6c7\" data-element_type=\"container\" data-e-type=\"container\" data-settings=\"{&quot;background_background&quot;:&quot;classic&quot;}\">\n\t\t\t\t\t<div class=\"e-con-inner\">\n\t\t<div class=\"elementor-element elementor-element-8245e5e e-con-full e-flex e-con e-child\" data-id=\"8245e5e\" data-element_type=\"container\" data-e-type=\"container\">\n\t\t\t\t<div class=\"elementor-element elementor-element-4860958 elementor-widget elementor-widget-image\" data-id=\"4860958\" data-element_type=\"widget\" data-e-type=\"widget\" data-widget_type=\"image.default\">\n\t\t\t\t\t\t\t\t\t\t\t\t\t\t\t<img loading=\"lazy\" decoding=\"async\" width=\"561\" height=\"1500\" src=\"https:\/\/curvyplasticsurgery.com\/wp-content\/uploads\/2025\/10\/phone.png\" class=\"attachment-medium_large size-medium_large wp-image-609\" alt=\"\" srcset=\"https:\/\/curvyplasticsurgery.com\/wp-content\/uploads\/2025\/10\/phone.png 561w, https:\/\/curvyplasticsurgery.com\/wp-content\/uploads\/2025\/10\/phone-112x300.png 112w, https:\/\/curvyplasticsurgery.com\/wp-content\/uploads\/2025\/10\/phone-383x1024.png 383w\" sizes=\"(max-width: 561px) 100vw, 561px\" \/>\t\t\t\t\t\t\t\t\t\t\t\t\t\t\t<\/div>\n\t\t\t\t<\/div>\n\t\t<div class=\"elementor-element elementor-element-48b16d0 e-con-full e-flex e-con e-child\" data-id=\"48b16d0\" data-element_type=\"container\" data-e-type=\"container\">\n\t\t\t\t<div class=\"elementor-element elementor-element-60950ac elementor-widget elementor-widget-heading\" data-id=\"60950ac\" data-element_type=\"widget\" data-e-type=\"widget\" data-widget_type=\"heading.default\">\n\t\t\t\t\t<h2 class=\"elementor-heading-title elementor-size-default\">MANT\u00c9NGASE CONECTADO<\/h2>\t\t\t\t<\/div>\n\t\t\t\t<div class=\"elementor-element elementor-element-bc072b2 elementor-widget elementor-widget-heading\" data-id=\"bc072b2\" data-element_type=\"widget\" data-e-type=\"widget\" data-widget_type=\"heading.default\">\n\t\t\t\t\t<h2 class=\"elementor-heading-title elementor-size-default\">EN LAS REDES SOCIALES<\/h2>\t\t\t\t<\/div>\n\t\t\t\t<div class=\"elementor-element elementor-element-1847e38 elementor-widget elementor-widget-text-editor\" data-id=\"1847e38\" data-element_type=\"widget\" data-e-type=\"widget\" data-widget_type=\"text-editor.default\">\n\t\t\t\t\t\t\t\t\t<p>Mant\u00e9ngase conectado con Curvy Plastic Surgery m\u00e1s all\u00e1 de la consulta. Al seguirnos en redes sociales, tendr\u00e1 acceso exclusivo a transformaciones del antes y el despu\u00e9s, contenido tras bambalinas, consejos de recuperaci\u00f3n, historias de pacientes y las \u00faltimas novedades sobre nuestros servicios. Es la manera perfecta de mantenerse inspirado, informado y conectado con una comunidad que celebra la belleza y la confianza a diario.<\/p>\t\t\t\t\t\t\t\t<\/div>\n\t\t\t\t<div class=\"elementor-element elementor-element-597473f elementor-shape-circle e-grid-align-left e-grid-align-mobile-center e-grid-align-tablet-center elementor-grid-0 elementor-widget elementor-widget-social-icons\" data-id=\"597473f\" data-element_type=\"widget\" data-e-type=\"widget\" data-widget_type=\"social-icons.default\">\n\t\t\t\t\t\t\t<div class=\"elementor-social-icons-wrapper elementor-grid\" role=\"list\">\n\t\t\t\t\t\t\t<span class=\"elementor-grid-item\" role=\"listitem\">\n\t\t\t\t\t<a class=\"elementor-icon elementor-social-icon elementor-social-icon-instagram elementor-repeater-item-c014d31\" href=\"https:\/\/www.instagram.com\/curvyplasticsurgery?igsh=YXJobGRla2o3emli\" target=\"_blank\">\n\t\t\t\t\t\t<span class=\"elementor-screen-only\">Instagram<\/span>\n\t\t\t\t\t\t<svg aria-hidden=\"true\" class=\"e-font-icon-svg e-fab-instagram\" viewbox=\"0 0 448 512\" xmlns=\"http:\/\/www.w3.org\/2000\/svg\"><path d=\"M224.1 141c-63.6 0-114.9 51.3-114.9 114.9s51.3 114.9 114.9 114.9S339 319.5 339 255.9 287.7 141 224.1 141zm0 189.6c-41.1 0-74.7-33.5-74.7-74.7s33.5-74.7 74.7-74.7 74.7 33.5 74.7 74.7-33.6 74.7-74.7 74.7zm146.4-194.3c0 14.9-12 26.8-26.8 26.8-14.9 0-26.8-12-26.8-26.8s12-26.8 26.8-26.8 26.8 12 26.8 26.8zm76.1 27.2c-1.7-35.9-9.9-67.7-36.2-93.9-26.2-26.2-58-34.4-93.9-36.2-37-2.1-147.9-2.1-184.9 0-35.8 1.7-67.6 9.9-93.9 36.1s-34.4 58-36.2 93.9c-2.1 37-2.1 147.9 0 184.9 1.7 35.9 9.9 67.7 36.2 93.9s58 34.4 93.9 36.2c37 2.1 147.9 2.1 184.9 0 35.9-1.7 67.7-9.9 93.9-36.2 26.2-26.2 34.4-58 36.2-93.9 2.1-37 2.1-147.8 0-184.8zM398.8 388c-7.8 19.6-22.9 34.7-42.6 42.6-29.5 11.7-99.5 9-132.1 9s-102.7 2.6-132.1-9c-19.6-7.8-34.7-22.9-42.6-42.6-11.7-29.5-9-99.5-9-132.1s-2.6-102.7 9-132.1c7.8-19.6 22.9-34.7 42.6-42.6 29.5-11.7 99.5-9 132.1-9s102.7-2.6 132.1 9c19.6 7.8 34.7 22.9 42.6 42.6 11.7 29.5 9 99.5 9 132.1s2.7 102.7-9 132.1z\"><\/path><\/svg>\t\t\t\t\t<\/a>\n\t\t\t\t<\/span>\n\t\t\t\t\t\t\t<span class=\"elementor-grid-item\" role=\"listitem\">\n\t\t\t\t\t<a class=\"elementor-icon elementor-social-icon elementor-social-icon-facebook elementor-repeater-item-07a86be\" href=\"https:\/\/www.facebook.com\/Curvyplasticsurgery\" target=\"_blank\">\n\t\t\t\t\t\t<span class=\"elementor-screen-only\">Facebook<\/span>\n\t\t\t\t\t\t<svg aria-hidden=\"true\" class=\"e-font-icon-svg e-fab-facebook\" viewbox=\"0 0 512 512\" xmlns=\"http:\/\/www.w3.org\/2000\/svg\"><path d=\"M504 256C504 119 393 8 256 8S8 119 8 256c0 123.78 90.69 226.38 209.25 245V327.69h-63V256h63v-54.64c0-62.15 37-96.48 93.67-96.48 27.14 0 55.52 4.84 55.52 4.84v61h-31.28c-30.8 0-40.41 19.12-40.41 38.73V256h68.78l-11 71.69h-57.78V501C413.31 482.38 504 379.78 504 256z\"><\/path><\/svg>\t\t\t\t\t<\/a>\n\t\t\t\t<\/span>\n\t\t\t\t\t\t\t<span class=\"elementor-grid-item\" role=\"listitem\">\n\t\t\t\t\t<a class=\"elementor-icon elementor-social-icon elementor-social-icon-tiktok elementor-repeater-item-a00310c\" href=\"#\" target=\"_blank\">\n\t\t\t\t\t\t<span class=\"elementor-screen-only\">Tiktok<\/span>\n\t\t\t\t\t\t<svg aria-hidden=\"true\" class=\"e-font-icon-svg e-fab-tiktok\" viewbox=\"0 0 448 512\" xmlns=\"http:\/\/www.w3.org\/2000\/svg\"><path d=\"M448,209.91a210.06,210.06,0,0,1-122.77-39.25V349.38A162.55,162.55,0,1,1,185,188.31V278.2a74.62,74.62,0,1,0,52.23,71.18V0l88,0a121.18,121.18,0,0,0,1.86,22.17h0A122.18,122.18,0,0,0,381,102.39a121.43,121.43,0,0,0,67,20.14Z\"><\/path><\/svg>\t\t\t\t\t<\/a>\n\t\t\t\t<\/span>\n\t\t\t\t\t<\/div>\n\t\t\t\t\t\t<\/div>\n\t\t\t\t<\/div>\n\t\t\t\t\t<\/div>\n\t\t\t\t<\/section>\n\t\t\t\t<\/div>","protected":false},"excerpt":{"rendered":"<p>COSMETIC SURGERY RHINOPLASTY RHINOPLASTY BOOK A CONSULTATION \u201cConsidering rhinoplasty? We know it\u2019s a deeply personal decision, and we\u2019re here to guide you with care and expertise. At The Method, our board-certified plastic surgeons specialize in creating noses that look natural, harmonious, and uniquely suited to your face. From your first consultation through your recovery, we\u2019ll [&hellip;]<\/p>\n","protected":false},"author":1,"featured_media":0,"parent":0,"menu_order":0,"comment_status":"closed","ping_status":"closed","template":"elementor_header_footer","meta":{"footnotes":""},"class_list":["post-1184","page","type-page","status-publish","hentry"],"aioseo_notices":[],"_links":{"self":[{"href":"https:\/\/curvyplasticsurgery.com\/es\/wp-json\/wp\/v2\/pages\/1184","targetHints":{"allow":["GET"]}}],"collection":[{"href":"https:\/\/curvyplasticsurgery.com\/es\/wp-json\/wp\/v2\/pages"}],"about":[{"href":"https:\/\/curvyplasticsurgery.com\/es\/wp-json\/wp\/v2\/types\/page"}],"author":[{"embeddable":true,"href":"https:\/\/curvyplasticsurgery.com\/es\/wp-json\/wp\/v2\/users\/1"}],"replies":[{"embeddable":true,"href":"https:\/\/curvyplasticsurgery.com\/es\/wp-json\/wp\/v2\/comments?post=1184"}],"version-history":[{"count":76,"href":"https:\/\/curvyplasticsurgery.com\/es\/wp-json\/wp\/v2\/pages\/1184\/revisions"}],"predecessor-version":[{"id":4155,"href":"https:\/\/curvyplasticsurgery.com\/es\/wp-json\/wp\/v2\/pages\/1184\/revisions\/4155"}],"wp:attachment":[{"href":"https:\/\/curvyplasticsurgery.com\/es\/wp-json\/wp\/v2\/media?parent=1184"}],"curies":[{"name":"wp","href":"https:\/\/api.w.org\/{rel}","templated":true}]}}